{"id":914,"date":"2024-10-30T10:04:46","date_gmt":"2024-10-30T10:04:46","guid":{"rendered":"https:\/\/secure.skokka.com\/pt\/?page_id=914"},"modified":"2024-10-30T10:29:52","modified_gmt":"2024-10-30T10:29:52","slug":"politica-de-cookies","status":"publish","type":"page","link":"https:\/\/secure.skokka.com\/pt\/politica-de-cookies\/","title":{"rendered":"Pol\u00edtica de Cookies"},"content":{"rendered":"\n<p>Este site usa cookies e tecnologias semelhantes para garantir seu funcionamento adequado, para melhorar a experi\u00eancia de navega\u00e7\u00e3o do usu\u00e1rio e para coletar informa\u00e7\u00f5es sobre o n\u00famero de visitantes e como eles usam o site.&nbsp;<\/p>\n\n\n\n<p>Esta pol\u00edtica (doravante denominada \u201cPol\u00edtica de Cookies\u201d) fornece informa\u00e7\u00f5es detalhadas sobre o uso de \u201ccookies\u201d e tecnologias semelhantes, como eles s\u00e3o usados neste site e como s\u00e3o gerenciados.<\/p>\n\n\n\n<p>O uso de cookies pela TA\u00c7A ESCARLATE SERVI\u00c7OS DE PUBLICIDADE ONLINE LTDA, com sede registrada na Rua Fid\u00eancio Ramos, n\u00ba 160, Vila Ol\u00edmpia, S\u00e3o Paulo, CEP: 04551-010, registrada no CNPJ sob o n\u00ba\u00a0 20.870.809\/0001-81, complementa a <a href=\"https:\/\/secure.skokka.com\/pt\/politica-de-privacidade\/\">Pol\u00edtica de Privacidade<\/a> deste site ao qual nos referimos.<\/p>\n\n\n\n<ol class=\"wp-block-list\">\n<li><strong>Controlador de Dados<\/strong><\/li>\n<\/ol>\n\n\n\n<p>A empresa TA\u00c7A ESCARLATE SERVI\u00c7OS DE PUBLICIDADE ONLINE LTDA, com sede na Rua Fid\u00eancio Ramos, n\u00ba 160, Vila Ol\u00edmpia, S\u00e3o Paulo, CEP: 04551-010, registrada no CNPJ sob o n\u00ba 20.870.809\/0001-81 (doravante denominada \u201cControladora de Dados\u201d), atua como controladora de dados. Voc\u00ea pode entrar em contato com o Controlador por e-mail em <a href=\"mailto:privacy.secure@skokka.com\">privacy.secure@skokka.com<\/a>.<\/p>\n\n\n\n<ol class=\"wp-block-list\">\n<li><strong>O que s\u00e3o cookies?<\/strong><\/li>\n<\/ol>\n\n\n\n<p>Os \u201ccookies\u201d s\u00e3o pequenos arquivos de texto que cont\u00e9m \u201cpacotes\u201d de informa\u00e7\u00e3o criados por um servidor e armazenados no dispositivo do visitante de um site sempre que ele o visita. Posteriormente, toda vez que o visitante retorna ao site usando o mesmo dispositivo, seu navegador (ex.: Google Chrome, Safari, Microsoft Edge etc.) envia esses cookies para o site que os originou ou para outros sites, para que possam usar as informa\u00e7\u00f5es neles contidas para atingir v\u00e1rias finalidades, como, por exemplo, facilitar a navega\u00e7\u00e3o, melhorar a funcionalidade e o design do site, rastrear as a\u00e7\u00f5es que o visitante realiza no site para lhe apresentar mensagens publicit\u00e1rias personalizadas com base em seus gostos e prefer\u00eancias.<\/p>\n\n\n\n<ol class=\"wp-block-list\">\n<li><strong>Como os cookies podem ser classificados<\/strong>?<\/li>\n<\/ol>\n\n\n\n<p>Os cookies podem ser classificados de v\u00e1rias maneiras, dependendo de quem considerarmos seu propriet\u00e1rio (ou operador), a finalidade a que servem ou sua respectiva dura\u00e7\u00e3o.<\/p>\n\n\n\n<ol class=\"wp-block-list\">\n<li><strong>De acordo com o propriet\u00e1rio ou operador em quest\u00e3o<\/strong><\/li>\n<\/ol>\n\n\n\n<p>Os cookies podem ser divididos em duas grandes categorias, a depender de terem sido instalados no site que voc\u00ea est\u00e1 visitando pelo propriet\u00e1rio do site (\u201c<strong>Cookies prim\u00e1rios<\/strong>\u201d) ou por terceiros externos ao site (\u201c<strong>Cookies de terceiros<\/strong>\u201d).<\/p>\n\n\n\n<p>O gerenciamento e a responsabilidade pelos \u201ccookies prim\u00e1rios\u201d s\u00e3o assumidos diretamente pelo Propriet\u00e1rio do Site, ao passo que o gerenciamento e a responsabilidade pelos \u201ccookies de terceiros\u201d s\u00e3o dos respectivos propriet\u00e1rios e operadores, que devem fornecer mecanismos adequados de exclus\u00e3o em suas pol\u00edticas de privacidade.<\/p>\n\n\n\n<ol class=\"wp-block-list\">\n<li><strong>A) De acordo com a finalidade<\/strong><\/li>\n<\/ol>\n\n\n\n<p>Dependendo da finalidade pretendida, os \u201ccookies\u201d podem ser subdivididos em:<\/p>\n\n\n\n<ul class=\"wp-block-list\">\n<li><strong>Cookies t\u00e9cnicos: <\/strong>s\u00e3o necess\u00e1rios para garantir a navega\u00e7\u00e3o e o uso regulares do site (especificamente definidos como <strong>cookies de<\/strong>&#8220;<strong>navega\u00e7\u00e3o<\/strong>&#8221; ou de &#8220;<strong>sess\u00e3o<\/strong>&#8220;) ou para permitir que o usu\u00e1rio navegue de acordo com um conjunto de crit\u00e9rios selecionados (por exemplo, o idioma do site) para melhorar o servi\u00e7o prestado ao usu\u00e1rio (&#8220;<strong>cookies de funcionalidade<\/strong>&#8220;).<\/li>\n<\/ul>\n\n\n\n<p><strong>Para cookies t\u00e9cnicos prim\u00e1rios, o consentimento pr\u00e9vio do usu\u00e1rio n\u00e3o \u00e9 necess\u00e1rio para seu uso<\/strong>, mas o usu\u00e1rio \u00e9 livre para remov\u00ea-los do navegador.<\/p>\n\n\n\n<ul class=\"wp-block-list\">\n<li><strong>Cookies anal\u00edticos<\/strong>: coletam informa\u00e7\u00f5es sobre o n\u00famero de usu\u00e1rios e como eles usam o site (por exemplo, quais p\u00e1ginas s\u00e3o visitadas com mais frequ\u00eancia).<\/li>\n<\/ul>\n\n\n\n<p><strong>Os cookies anal\u00edticos prim\u00e1rios s\u00e3o assimilados aos cookies t\u00e9cnicos prim\u00e1rios, portanto, o consentimento pr\u00e9vio do usu\u00e1rio n\u00e3o \u00e9 necess\u00e1rio para seu uso.<\/strong><\/p>\n\n\n\n<p><strong>Os cookies anal\u00edticos de terceiros, por outro lado, n\u00e3o exigem consentimento pr\u00e9vio somente se: i) tiverem um poder reduzido de identificar o usu\u00e1rio e, ii) o propriet\u00e1rio\/operador de terceiros tiver se comprometido, por meio de restri\u00e7\u00f5es contratuais espec\u00edficas, a n\u00e3o cruzar os dados coletados pelo cookie com outras informa\u00e7\u00f5es j\u00e1 dispon\u00edveis.<\/strong><\/p>\n\n\n\n<ul class=\"wp-block-list\">\n<li><strong>Cookies de perfil: <\/strong>destinam-se a criar perfis de usu\u00e1rio e s\u00e3o usados para enviar mensagens publicit\u00e1rias de acordo com as suas prefer\u00eancias ao navegar na Web.<\/li>\n<\/ul>\n\n\n\n<p><strong>Para os cookies de perfil, tanto pr\u00f3prios quanto de terceiros, \u00e9 necess\u00e1rio o consentimento pr\u00e9vio para seu uso.<\/strong><\/p>\n\n\n\n<ol class=\"wp-block-list\">\n<li><strong>De acordo com a dura\u00e7\u00e3o<\/strong><\/li>\n<\/ol>\n\n\n\n<p>Por fim, os cookies podem ter uma dura\u00e7\u00e3o vari\u00e1vel, dependendo das necessidades que atendem. Em particular, eles podem ser exclu\u00eddos automaticamente do dispositivo do usu\u00e1rio ao fechar o navegador (\u201c<strong>cookies de sess\u00e3o<\/strong>\u201d) ou permanecer armazenados at\u00e9 uma data de expira\u00e7\u00e3o predefinida, que pode corresponder a minutos, dias ou anos (\u201c<strong>cookies persistentes<\/strong>\u201d).<\/p>\n\n\n\n<ol class=\"wp-block-list\">\n<li><strong>Como dou meu consentimento para o uso de cookies e como posso revog\u00e1-lo para que sejam desativados?<\/strong><\/li>\n<\/ol>\n\n\n\n<p>Os cookies t\u00e9cnicos e anal\u00edticos de terceiros e os cookies de cria\u00e7\u00e3o de perfil, tanto pr\u00f3prios quanto de terceiros, est\u00e3o sujeitos \u00e0 coleta de consentimento do usu\u00e1rio. \u00c9 poss\u00edvel expressar o consentimento para o uso desses cookies de forma simplificada, seguindo as instru\u00e7\u00f5es fornecidas no banner de informa\u00e7\u00f5es que aparece no primeiro acesso ao site, clicando no bot\u00e3o &#8220;Concordo&#8221; dentro do banner.<\/p>\n\n\n\n<p>No par\u00e1grafo seguinte, que lista todos os cookies usados por este site, h\u00e1 a possibilidade de revogar o consentimento individualmente para cada cookie, marcando a caixa apropriada \u201cOpt out\u201d para cada cookie prim\u00e1rio. Para cookies de terceiros, se essa op\u00e7\u00e3o n\u00e3o estiver dispon\u00edvel, ainda \u00e9 poss\u00edvel se opor ao seu uso seguindo as instru\u00e7\u00f5es apropriadas na pol\u00edtica de cookies relevante, cujo link \u00e9 convenientemente fornecido.<\/p>\n\n\n\n<p>No entanto, observe que, se voc\u00ea desativar um ou mais cookies t\u00e9cnicos, o site poder\u00e1 n\u00e3o funcionar corretamente ou talvez voc\u00ea n\u00e3o consiga mais usar algumas de suas fun\u00e7\u00f5es ou servi\u00e7os.<\/p>\n\n\n\n<p>Por fim, \u00e9 poss\u00edvel gerenciar as prefer\u00eancias de cookies por meio das prefer\u00eancias do navegador usado (ex.: Google Chrome, Safari, Microsoft Edge etc.) para impedir a instala\u00e7\u00e3o ou excluir os cookies instalados no passado, inclusive o cookie em que o seu consentimento para a instala\u00e7\u00e3o de cookies \u00e9 armazenado por este site (nesse caso, na pr\u00f3xima visita ao site, o banner de informa\u00e7\u00f5es sobre cookies reaparecer\u00e1 e ser\u00e1 necess\u00e1rio um novo consentimento). Voc\u00ea pode encontrar informa\u00e7\u00f5es sobre como gerenciar cookies por meio dos navegadores mais populares nos seguintes endere\u00e7os:<\/p>\n\n\n\n<ul class=\"wp-block-list\">\n<li>Configura\u00e7\u00f5es de cookies no Internet Explorer\/Edge\n<ul class=\"wp-block-list\">\n<li><a href=\"https:\/\/support.microsoft.com\/en-us\/windows\/manage-cookies-in-microsoft-edge-view-allow-block-delete-and-use-168dab11-0753-043d-7c16-ede5947fc64d\">https:\/\/support.microsoft.com\/en-us\/windows\/manage-cookies-in-microsoft-edge-view-allow-block-delete-and-use-168dab11-0753-043d-7c16-ede5947fc64d<\/a><\/li>\n<\/ul>\n<\/li>\n\n\n\n<li>Configura\u00e7\u00f5es de cookies no Firefox\n<ul class=\"wp-block-list\">\n<li><a href=\"https:\/\/support.mozilla.org\/en-US\/kb\/cookies-information-websites-store-on-your-computer\">https:\/\/support.mozilla.org\/en-US\/kb\/cookies-information-websites-store-on-your-computer<\/a><\/li>\n<\/ul>\n<\/li>\n\n\n\n<li>Configura\u00e7\u00f5es de cookies no Chrome\n<ul class=\"wp-block-list\">\n<li><a href=\"https:\/\/policies.google.com\/technologies\/cookies\">https:\/\/policies.google.com\/technologies\/cookies<\/a><\/li>\n<\/ul>\n<\/li>\n\n\n\n<li>Configura\u00e7\u00f5es de cookies no Safari\n<ul class=\"wp-block-list\">\n<li><a href=\"https:\/\/www.apple.com\/legal\/privacy\/en-ww\/cookies\/\">https:\/\/www.apple.com\/legal\/privacy\/en-ww\/cookies\/<\/a><\/li>\n<\/ul>\n<\/li>\n\n\n\n<li>iOS\n<ul class=\"wp-block-list\">\n<li><a href=\"https:\/\/www.apple.com\/legal\/privacy\/en-ww\/cookies\/\">https:\/\/www.apple.com\/legal\/privacy\/en-ww\/cookies\/<\/a><\/li>\n<\/ul>\n<\/li>\n\n\n\n<li>Android\n<ul class=\"wp-block-list\">\n<li><a href=\"https:\/\/support.google.com\/chrome\/answer\/95647?hl=en&amp;co=GENIE.Platform=Android\">https:\/\/support.google.com\/chrome\/answer\/95647<\/a><\/li>\n<\/ul>\n<\/li>\n<\/ul>\n\n\n\n<ol class=\"wp-block-list\">\n<li><strong>Quais cookies este site usa?<\/strong><\/li>\n<\/ol>\n\n\n\n<p>Abaixo est\u00e1 uma lista e a descri\u00e7\u00e3o dos cookies usados pelo site<\/p>\n\n\n\n<ol class=\"wp-block-list\">\n<li>Cookies t\u00e9cnicos prim\u00e1rios<\/li>\n<\/ol>\n\n\n\n<figure class=\"wp-block-table\"><table><tbody><tr><td><strong>Nome do cookie: <\/strong>daextlwcnf-accepted<\/td><\/tr><tr><td><strong>Fun\u00e7\u00e3o: <\/strong>Usado para verificar se um usu\u00e1rio aceitou o uso de cookies em um site.<\/td><\/tr><tr><td><strong>Fornecedor: <\/strong>Plugin DAEXT<\/td><\/tr><tr><td><strong>Pol\u00edtica de cookies: <\/strong><a href=\"https:\/\/daext.com\/privacy-policy\/%23cookies-policy\">https:\/\/daext.com\/privacy-policy\/#cookies-policy<\/a><\/td><\/tr><tr><td><strong>Dados pessoais coletados: <\/strong>Nenhum dado pessoal foi coletado.<br><strong>Valores:<\/strong> <strong>1: <\/strong>Isso representa o consentimento do cookie.<\/td><\/tr><tr><td><strong>Dura\u00e7\u00e3o do cookie: <\/strong>1 ano<\/td><\/tr><tr><td><strong>Dados enviados para: <\/strong>Dados n\u00e3o enviados.<\/td><\/tr><\/tbody><\/table><\/figure>\n\n\n\n<ol class=\"wp-block-list\">\n<li>Cookies anal\u00edticos de terceiros<\/li>\n<\/ol>\n\n\n\n<ul class=\"wp-block-list\">\n<li>Cookies fornecidos pela Google Analytics<\/li>\n<\/ul>\n\n\n\n<figure class=\"wp-block-table\"><table><tbody><tr><td><strong>Nome do cookie<\/strong><\/td><td><strong>Fun\u00e7\u00e3o<\/strong><\/td><td><strong>Dados pessoais coletados<\/strong><\/td><td><strong>Dura\u00e7\u00e3o<\/strong><\/td><\/tr><tr><td>_ga<\/td><td>Usado para rastrear o comportamento do usu\u00e1rio em um site, ele ajuda a entender como os usu\u00e1rios interagem com o site e a fazer melhorias nele.<\/td><td>Nenhum dado pessoal \u00e9 coletado.<br><strong>Valores:<\/strong> <strong>GA1.2<\/strong>: Indica o formato e a vers\u00e3o do cookie. <strong>197838317: <\/strong>Trata-se de um ID de cliente gerado aleatoriamente que ajuda o Google Analytics a distinguir um usu\u00e1rio de outro. <strong>1726477673<\/strong>: Representa o registro de data e hora de quando o cookie foi criado ou atualizado pela \u00faltima vez.<\/td><td>1 ano<\/td><\/tr><tr><td>_ga_8GSNLSQ715<\/td><td>\u00c9 uma variante do cookie \u201c_ga\u201d que pode conter informa\u00e7\u00f5es ou configura\u00e7\u00f5es adicionais espec\u00edficas de um determinado site ou usu\u00e1rio.<\/td><td>Nenhum dado pessoal \u00e9 coletado.<br><strong>Valores:<\/strong> <strong>GS1.1<\/strong>: Indica o formato e a vers\u00e3o do cookie. <strong>1726477672:<\/strong> \u00c9 um registro de data e hora que indica quando o cookie foi criado ou atualizado pela \u00faltima vez. <strong>1<\/strong>: Pode indicar o n\u00famero da sess\u00e3o. <strong>0<\/strong>: Geralmente representa uma contagem de ocorr\u00eancias na sess\u00e3o. <strong>1726477672:<\/strong> Trata-se de outro registro de data e hora, possivelmente indicando a hora de in\u00edcio da sess\u00e3o. <strong>60<\/strong>: Pode ser um contador ou um valor relacionado ao tempo. <strong>0<\/strong>: S\u00e3o contadores ou sinalizadores adicionais para casos de uso espec\u00edficos. <strong>0<\/strong>: Outro contador ou sinalizador.<\/td><td>1 ano<\/td><\/tr><tr><td>_gat_UA-37938409-1<\/td><td>Usado para limitar a coleta de dados em sites de alto tr\u00e1fego, \u00e9 usado para regular a velocidade com que os dados s\u00e3o enviados ao servidor do Google Analytics.<\/td><td>Nenhum dado pessoal \u00e9 coletado.<br><strong>Valores:<\/strong> <strong>1<\/strong>: Este \u00e9 um sinalizador ou contador usado internamente pelo Google Analytics para gerenciar a taxa de solicita\u00e7\u00e3o, normalmente indicando que o acelerador est\u00e1 ativo.<\/td><td>1 minuto<\/td><\/tr><tr><td>_gid<\/td><td>Usado para distinguir usu\u00e1rios e rastrear seu comportamento em um site, ele ajuda a gerar dados estat\u00edsticos sobre como os usu\u00e1rios interagem com o site.<\/td><td>Nenhum dado pessoal \u00e9 coletado.<br><strong>Valores:<\/strong> <strong>GA1.2<\/strong>: Indica o formato e a vers\u00e3o do cookie. <strong>197838317: <\/strong>Trata-se de um ID de cliente gerado aleatoriamente que ajuda o Google Analytics a distinguir um usu\u00e1rio de outro. <strong>1726477673<\/strong>: Representa o registro de data e hora de quando o cookie foi criado ou atualizado pela \u00faltima vez.<\/td><td>24 horas<\/td><\/tr><tr><td colspan=\"4\"><strong>Mecanismo de desativa\u00e7\u00e3o\/op\u00e7\u00e3o para todos os cookies do Google Analitycs:&nbsp; \u25a1<\/strong><\/td><\/tr><\/tbody><\/table><\/figure>\n\n\n\n<p>Os dados coletados pelos cookies do Google Analytics s\u00e3o normalmente enviados para os servidores do Google, que est\u00e3o distribu\u00eddos globalmente. No entanto, os principais centros de dados est\u00e3o localizados nos Estados Unidos. O Google tamb\u00e9m pode processar dados em outros pa\u00edses onde possui centros de dados, que inclui locais na Europa, \u00c1sia e outras regi\u00f5es.<\/p>\n\n\n\n<p>Eles s\u00e3o processados em conformidade com as estruturas do Escudo de Privacidade UE-EUA e Su\u00ed\u00e7a-EUA, bem como com outras leis de prote\u00e7\u00e3o de dados relevantes.<\/p>\n\n\n\n<p>Voc\u00ea pode encontrar a pol\u00edtica de privacidade para esse conjunto de cookies no seguinte link<a href=\"https:\/\/policies.google.com\/privacy?hl=en%23infocollect\"> <\/a>https:\/\/policies.google.com\/?hl=pt<\/p>\n\n\n\n<ol class=\"wp-block-list\">\n<li><strong>Dura\u00e7\u00e3o do tratamento<\/strong><\/li>\n<\/ol>\n\n\n\n<p>Na Se\u00e7\u00e3o 5 acima, foi especificada a dura\u00e7\u00e3o de cada cookie instalado no dispositivo do usu\u00e1rio. No tocante aos cookies de terceiros para os quais n\u00e3o foi poss\u00edvel determinar a dura\u00e7\u00e3o do tratamento, \u00e9 necess\u00e1rio consultar a pol\u00edtica de cookies espec\u00edfica.&nbsp;<\/p>\n\n\n\n<ol class=\"wp-block-list\">\n<li><strong>Quais s\u00e3o seus direitos em rela\u00e7\u00e3o ao processamento de dados pessoais?<\/strong><\/li>\n<\/ol>\n\n\n\n<p>Voc\u00ea pode exercer seus direitos previstos no Art. 18 da Lei n\u00ba 13.709\/2018 (conhecida como a Lei Geral de Prote\u00e7\u00e3o de Dados Pessoais ou apenas &#8220;LGPD&#8221;), bem como disposi\u00e7\u00f5es de outras leis aplic\u00e1veis, a qualquer momento. Em especial, voc\u00ea tem o direito de:<\/p>\n\n\n\n<ul class=\"wp-block-list\">\n<li>Obter confirma\u00e7\u00e3o sobre a exist\u00eancia ou inexist\u00eancia de tratamento de seus dados pessoais, acess\u00e1-los e obter uma c\u00f3pia desses dados (Art. 18, I e II da LGPD &#8211; <strong>Direito de acesso<\/strong>);<\/li>\n\n\n\n<li>Solicitar a retifica\u00e7\u00e3o de dados pessoais incorretos tratados por n\u00f3s ou a complementa\u00e7\u00e3o de Dados Pessoais que estejam incompletos (Art. 18, III da LGPD &#8211; <strong>Direito de retifica\u00e7\u00e3o<\/strong>);<\/li>\n\n\n\n<li>Solicitar a elimina\u00e7\u00e3o de seus dados pessoais nos casos previstos na LGPD, excepcionadas as hip\u00f3teses de que trata o art. 16 da mesma lei (Art. 18, IV e VI da LGPD &#8211; <strong>Direito de elimina\u00e7\u00e3o<\/strong>);<\/li>\n\n\n\n<li>Solicitar a limita\u00e7\u00e3o do tratamento de determinados dados pessoais (<strong>Direito \u00e0 restri\u00e7\u00e3o do tratamento<\/strong>);<\/li>\n\n\n\n<li>No caso de o tratamento ser realizado por meios automatizados e com base em seu consentimento ou em contrato, receber seus dados pessoais em um formato estruturado, de uso comum e de leitura autom\u00e1tica, ou solicitar a transfer\u00eancia direta para outro controlador, sem obst\u00e1culos (Art. 18, V da LGPD &#8211; <strong>Direito \u00e0 portabilidade<\/strong>);<\/li>\n\n\n\n<li>Opor-se, total ou parcialmente, ao tratamento de seus dados pessoais, nas hip\u00f3teses permitidas pela lei (Art. 18, \u00a72\u00b0 da LGPD &#8211; <strong>Direito de oposi\u00e7\u00e3o<\/strong>);<\/li>\n\n\n\n<li>Revogar seu consentimento a qualquer momento, quando o tratamento de seus dados pessoais se basear no consentimento, sem afetar a legalidade do tratamento realizado anteriormente (Art. 18, IX c.c. Art. 8\u00ba, \u00a75\u00ba da LGPD &#8211; <strong>Direito de revoga\u00e7\u00e3o de consentimento<\/strong>).<\/li>\n<\/ul>\n\n\n\n<p>Voc\u00ea pode exercer esses direitos enviando uma comunica\u00e7\u00e3o apropriada para o endere\u00e7o indicado na Se\u00e7\u00e3o 1.<\/p>\n\n\n\n<p>Al\u00e9m disso, voc\u00ea sempre tem o direito de apresentar uma reclama\u00e7\u00e3o \u00e0 Autoridade Nacional de Prote\u00e7\u00e3o de Dados, que pode ser acessada pelo endere\u00e7o <a href=\"https:\/\/www.gov.br\/anpd\/pt-br\/canais_atendimento\/cidadao-titular-de-dados\/denuncia-peticao-de-titular\">https:\/\/www.gov.br\/anpd\/pt-br\/canais_atendimento\/cidadao-titular-de-dados\/denuncia-peticao-de-titular<\/a><\/p>\n","protected":false},"excerpt":{"rendered":"<p>Este site usa cookies e tecnologias semelhantes para garantir seu funcionamento adequado, para melhorar a experi\u00eancia de navega\u00e7\u00e3o do usu\u00e1rio e para coletar informa\u00e7\u00f5es sobre o n\u00famero de visitantes e como eles usam o site.&nbsp; Esta pol\u00edtica (doravante denominada \u201cPol\u00edtica de Cookies\u201d) fornece informa\u00e7\u00f5es detalhadas sobre o uso de \u201ccookies\u201d e tecnologias semelhantes, como eles [&hellip;]<\/p>\n","protected":false},"author":2,"featured_media":0,"parent":0,"menu_order":0,"comment_status":"closed","ping_status":"closed","template":"","meta":{"_uag_custom_page_level_css":"","_themeisle_gutenberg_block_has_review":false,"footnotes":""},"class_list":["post-914","page","type-page","status-publish","hentry"],"uagb_featured_image_src":{"full":false,"thumbnail":false,"medium":false,"medium_large":false,"large":false,"1536x1536":false,"2048x2048":false},"uagb_author_info":{"display_name":"davidefornari","author_link":"https:\/\/secure.skokka.com\/pt\/author\/davidefornari\/"},"uagb_comment_info":0,"uagb_excerpt":"Este site usa cookies e tecnologias semelhantes para garantir seu funcionamento adequado, para melhorar a experi\u00eancia de navega\u00e7\u00e3o do usu\u00e1rio e para coletar informa\u00e7\u00f5es sobre o n\u00famero de visitantes e como eles usam o site.&nbsp; Esta pol\u00edtica (doravante denominada \u201cPol\u00edtica de Cookies\u201d) fornece informa\u00e7\u00f5es detalhadas sobre o uso de \u201ccookies\u201d e tecnologias semelhantes, como eles&hellip;","_links":{"self":[{"href":"https:\/\/secure.skokka.com\/pt\/wp-json\/wp\/v2\/pages\/914","targetHints":{"allow":["GET"]}}],"collection":[{"href":"https:\/\/secure.skokka.com\/pt\/wp-json\/wp\/v2\/pages"}],"about":[{"href":"https:\/\/secure.skokka.com\/pt\/wp-json\/wp\/v2\/types\/page"}],"author":[{"embeddable":true,"href":"https:\/\/secure.skokka.com\/pt\/wp-json\/wp\/v2\/users\/2"}],"replies":[{"embeddable":true,"href":"https:\/\/secure.skokka.com\/pt\/wp-json\/wp\/v2\/comments?post=914"}],"version-history":[{"count":2,"href":"https:\/\/secure.skokka.com\/pt\/wp-json\/wp\/v2\/pages\/914\/revisions"}],"predecessor-version":[{"id":919,"href":"https:\/\/secure.skokka.com\/pt\/wp-json\/wp\/v2\/pages\/914\/revisions\/919"}],"wp:attachment":[{"href":"https:\/\/secure.skokka.com\/pt\/wp-json\/wp\/v2\/media?parent=914"}],"curies":[{"name":"wp","href":"https:\/\/api.w.org\/{rel}","templated":true}]}}