{"id":769,"date":"2024-06-07T13:43:28","date_gmt":"2024-06-07T13:43:28","guid":{"rendered":"https:\/\/secure.skokka.com\/pt\/?page_id=769"},"modified":"2024-06-07T13:43:28","modified_gmt":"2024-06-07T13:43:28","slug":"torne-se-um-parceiro-junte-se-a-nos","status":"publish","type":"page","link":"https:\/\/secure.skokka.com\/pt\/torne-se-um-parceiro-junte-se-a-nos\/","title":{"rendered":"TORNE-SE UM PARCEIRO. JUNTE-SE A N\u00d3S!"},"content":{"rendered":"\n<div class=\"wp-block-group has-global-padding is-layout-constrained wp-block-group-is-layout-constrained\">\n<p>Se voc\u00ea quiser&nbsp;<\/p>\n\n\n\n<p><strong>Contribuir para a defesa da liberdade de express\u00e3o on-line,<\/strong> um valor fundamental para uma sociedade democr\u00e1tica e inclusiva.<\/p>\n\n\n\n<p><strong>Garantir que a Internet seja um ambiente seguro<\/strong> e livre de amea\u00e7as para os usu\u00e1rios, melhorando a reputa\u00e7\u00e3o e a confiabilidade da rede.<\/p>\n\n\n\n<p><strong>Cooperar ativamente com o Skokka<\/strong> e outras organiza\u00e7\u00f5es para combater as atividades criminosas on-line, demonstrando um compromisso concreto com o combate a golpes e crimes cibern\u00e9ticos.<\/p>\n\n\n\n<p><strong>Oferecer aos usu\u00e1rios recursos valiosos para reconhecer e evitar fraudes<\/strong>, roubo de identidade e extors\u00e3o, aumentando a confian\u00e7a nas comunidades on-line.<\/p>\n\n\n\n<p><strong>Aumentar sua visibilidade e reputa\u00e7\u00e3o<\/strong> como uma entidade comprometida com a promo\u00e7\u00e3o da seguran\u00e7a e a prote\u00e7\u00e3o dos direitos dos usu\u00e1rios na Web.<\/p>\n\n\n\n<p>Entre em contato conosco, vamos lutar juntos!<\/p>\n<\/div>\n","protected":false},"excerpt":{"rendered":"<p>Se voc\u00ea quiser&nbsp; Contribuir para a defesa da liberdade de express\u00e3o on-line, um valor fundamental para uma sociedade democr\u00e1tica e inclusiva. Garantir que a Internet seja um ambiente seguro e livre de amea\u00e7as para os usu\u00e1rios, melhorando a reputa\u00e7\u00e3o e a confiabilidade da rede. Cooperar ativamente com o Skokka e outras organiza\u00e7\u00f5es para combater as [&hellip;]<\/p>\n","protected":false},"author":2,"featured_media":0,"parent":0,"menu_order":0,"comment_status":"closed","ping_status":"closed","template":"","meta":{"_uag_custom_page_level_css":"","_themeisle_gutenberg_block_has_review":false,"footnotes":""},"class_list":["post-769","page","type-page","status-publish","hentry"],"uagb_featured_image_src":{"full":false,"thumbnail":false,"medium":false,"medium_large":false,"large":false,"1536x1536":false,"2048x2048":false},"uagb_author_info":{"display_name":"davidefornari","author_link":"https:\/\/secure.skokka.com\/pt\/author\/davidefornari\/"},"uagb_comment_info":0,"uagb_excerpt":"Se voc\u00ea quiser&nbsp; Contribuir para a defesa da liberdade de express\u00e3o on-line, um valor fundamental para uma sociedade democr\u00e1tica e inclusiva. Garantir que a Internet seja um ambiente seguro e livre de amea\u00e7as para os usu\u00e1rios, melhorando a reputa\u00e7\u00e3o e a confiabilidade da rede. Cooperar ativamente com o Skokka e outras organiza\u00e7\u00f5es para combater as&hellip;","_links":{"self":[{"href":"https:\/\/secure.skokka.com\/pt\/wp-json\/wp\/v2\/pages\/769","targetHints":{"allow":["GET"]}}],"collection":[{"href":"https:\/\/secure.skokka.com\/pt\/wp-json\/wp\/v2\/pages"}],"about":[{"href":"https:\/\/secure.skokka.com\/pt\/wp-json\/wp\/v2\/types\/page"}],"author":[{"embeddable":true,"href":"https:\/\/secure.skokka.com\/pt\/wp-json\/wp\/v2\/users\/2"}],"replies":[{"embeddable":true,"href":"https:\/\/secure.skokka.com\/pt\/wp-json\/wp\/v2\/comments?post=769"}],"version-history":[{"count":1,"href":"https:\/\/secure.skokka.com\/pt\/wp-json\/wp\/v2\/pages\/769\/revisions"}],"predecessor-version":[{"id":770,"href":"https:\/\/secure.skokka.com\/pt\/wp-json\/wp\/v2\/pages\/769\/revisions\/770"}],"wp:attachment":[{"href":"https:\/\/secure.skokka.com\/pt\/wp-json\/wp\/v2\/media?parent=769"}],"curies":[{"name":"wp","href":"https:\/\/api.w.org\/{rel}","templated":true}]}}