{"id":639,"date":"2024-06-03T12:49:28","date_gmt":"2024-06-03T12:49:28","guid":{"rendered":"https:\/\/secure.skokka.com\/pt\/?page_id=639"},"modified":"2024-06-03T12:57:49","modified_gmt":"2024-06-03T12:57:49","slug":"mencoes-na-midia","status":"publish","type":"page","link":"https:\/\/secure.skokka.com\/pt\/mencoes-na-midia\/","title":{"rendered":"Men\u00e7\u00f5es na m\u00eddia"},"content":{"rendered":"\n<div class=\"wp-block-group has-global-padding is-layout-constrained wp-block-group-is-layout-constrained\">\n<div class=\"wp-block-media-text is-stacked-on-mobile\" style=\"grid-template-columns:35% auto\"><figure class=\"wp-block-media-text__media\"><img loading=\"lazy\" decoding=\"async\" width=\"400\" height=\"187\" src=\"https:\/\/secure.skokka.com\/pt\/wp-content\/uploads\/sites\/2\/2024\/05\/ata.jpg\" alt=\"\" class=\"wp-image-429 size-full\"\/><\/figure><div class=\"wp-block-media-text__content\">\n<div id=\"wp-block-themeisle-blocks-button-group-7e160caf\" class=\"wp-block-themeisle-blocks-button-group wp-block-buttons align-center-desktop\">\n<div id=\"wp-block-themeisle-blocks-button-aac0f5bc\" class=\"wp-block-themeisle-blocks-button wp-block-button\"><a href=\"https:\/\/atanews.com.br\/noticia\/64147\/construindo-confianca-skokka-desmente-as-fraudes\" target=\"_blank\" rel=\"noopener noreferrer\" class=\"wp-block-button__link\"><span>Leia o artigo<\/span><\/a><\/div>\n<\/div>\n<\/div><\/div>\n\n\n\n<div class=\"wp-block-media-text is-stacked-on-mobile\" style=\"grid-template-columns:35% auto\"><figure class=\"wp-block-media-text__media\"><img loading=\"lazy\" decoding=\"async\" width=\"400\" height=\"187\" src=\"https:\/\/secure.skokka.com\/pt\/wp-content\/uploads\/sites\/2\/2024\/05\/emtiempo.jpg\" alt=\"\" class=\"wp-image-431 size-full\"\/><\/figure><div class=\"wp-block-media-text__content\">\n<div id=\"wp-block-themeisle-blocks-button-group-fc81856d\" class=\"wp-block-themeisle-blocks-button-group wp-block-buttons align-center-desktop\">\n<div id=\"wp-block-themeisle-blocks-button-e4b2bbfb\" class=\"wp-block-themeisle-blocks-button wp-block-button\"><a href=\"https:\/\/emtempo.com.br\/232027\/ciencia-tecnologia\/desmascarando-os-golpes-mais-comuns-nao-seja-enganado\/\" target=\"_blank\" rel=\"noopener noreferrer\" class=\"wp-block-button__link\"><span>Leia o artigo<\/span><\/a><\/div>\n<\/div>\n<\/div><\/div>\n\n\n\n<div class=\"wp-block-media-text is-stacked-on-mobile\" style=\"grid-template-columns:35% auto\"><figure class=\"wp-block-media-text__media\"><img loading=\"lazy\" decoding=\"async\" width=\"400\" height=\"187\" src=\"https:\/\/secure.skokka.com\/pt\/wp-content\/uploads\/sites\/2\/2024\/05\/folha.jpg\" alt=\"\" class=\"wp-image-433 size-full\"\/><\/figure><div class=\"wp-block-media-text__content\">\n<div id=\"wp-block-themeisle-blocks-button-group-937960dc\" class=\"wp-block-themeisle-blocks-button-group wp-block-buttons align-center-desktop\">\n<div id=\"wp-block-themeisle-blocks-button-6791d0a3\" class=\"wp-block-themeisle-blocks-button wp-block-button\"><a href=\"https:\/\/www.folhadoprogresso.com.br\/combatendo-as-fraudes-como-o-skokka-te-protege\/\" target=\"_blank\" rel=\"noopener noreferrer\" class=\"wp-block-button__link\"><span>Leia o artigo<\/span><\/a><\/div>\n<\/div>\n<\/div><\/div>\n\n\n\n<div class=\"wp-block-media-text is-stacked-on-mobile\" style=\"grid-template-columns:35% auto\"><figure class=\"wp-block-media-text__media\"><img loading=\"lazy\" decoding=\"async\" width=\"400\" height=\"187\" src=\"https:\/\/secure.skokka.com\/pt\/wp-content\/uploads\/sites\/2\/2024\/05\/r7.jpg\" alt=\"\" class=\"wp-image-435 size-full\"\/><\/figure><div class=\"wp-block-media-text__content\">\n<div id=\"wp-block-themeisle-blocks-button-group-e90b976e\" class=\"wp-block-themeisle-blocks-button-group wp-block-buttons align-center-desktop\">\n<div id=\"wp-block-themeisle-blocks-button-adcc5d35\" class=\"wp-block-themeisle-blocks-button wp-block-button\"><a href=\"https:\/\/noticias.r7.com\/brasilia\/cidade-alerta-df\/video\/site-adulto-se-pronuncia-apos-foto-de-influencer-ser-divulgada-sem-permissao-26042024\/\" target=\"_blank\" rel=\"noopener noreferrer\" class=\"wp-block-button__link\"><span>Leia o artigo<\/span><\/a><\/div>\n<\/div>\n<\/div><\/div>\n\n\n\n<div class=\"wp-block-media-text is-stacked-on-mobile\" style=\"grid-template-columns:35% auto\"><figure class=\"wp-block-media-text__media\"><img loading=\"lazy\" decoding=\"async\" width=\"400\" height=\"187\" src=\"https:\/\/secure.skokka.com\/pt\/wp-content\/uploads\/sites\/2\/2024\/05\/defato.jpg\" alt=\"\" class=\"wp-image-437 size-full\"\/><\/figure><div class=\"wp-block-media-text__content\">\n<div id=\"wp-block-themeisle-blocks-button-group-9c48e6a3\" class=\"wp-block-themeisle-blocks-button-group wp-block-buttons align-center-desktop\">\n<div id=\"wp-block-themeisle-blocks-button-c388e120\" class=\"wp-block-themeisle-blocks-button wp-block-button\"><a href=\"https:\/\/defatoonline.com.br\/desvendando-golpes-a-verdade-por-tras-dos-enganos\/\" target=\"_blank\" rel=\"noopener noreferrer\" class=\"wp-block-button__link\"><span>Leia o artigo<\/span><\/a><\/div>\n<\/div>\n<\/div><\/div>\n\n\n\n<div class=\"wp-block-media-text is-stacked-on-mobile\" style=\"grid-template-columns:35% auto\"><figure class=\"wp-block-media-text__media\"><img loading=\"lazy\" decoding=\"async\" width=\"400\" height=\"187\" src=\"https:\/\/secure.skokka.com\/pt\/wp-content\/uploads\/sites\/2\/2024\/05\/jurnal-brasilia.jpg\" alt=\"\" class=\"wp-image-439 size-full\"\/><\/figure><div class=\"wp-block-media-text__content\">\n<div id=\"wp-block-themeisle-blocks-button-group-f6b7cb91\" class=\"wp-block-themeisle-blocks-button-group wp-block-buttons align-center-desktop\">\n<div id=\"wp-block-themeisle-blocks-button-4de007e8\" class=\"wp-block-themeisle-blocks-button wp-block-button\"><a href=\"https:\/\/jornaldebrasilia.com.br\/nahorah\/skokka-derruba-os-boatos-existentes\/\" target=\"_blank\" rel=\"noopener noreferrer\" class=\"wp-block-button__link\"><span>Leia o artigo<\/span><\/a><\/div>\n<\/div>\n<\/div><\/div>\n<\/div>\n","protected":false},"excerpt":{"rendered":"","protected":false},"author":2,"featured_media":0,"parent":0,"menu_order":0,"comment_status":"closed","ping_status":"closed","template":"","meta":{"_uag_custom_page_level_css":"","_themeisle_gutenberg_block_has_review":false,"footnotes":""},"class_list":["post-639","page","type-page","status-publish","hentry"],"uagb_featured_image_src":{"full":false,"thumbnail":false,"medium":false,"medium_large":false,"large":false,"1536x1536":false,"2048x2048":false},"uagb_author_info":{"display_name":"davidefornari","author_link":"https:\/\/secure.skokka.com\/pt\/author\/davidefornari\/"},"uagb_comment_info":0,"uagb_excerpt":null,"_links":{"self":[{"href":"https:\/\/secure.skokka.com\/pt\/wp-json\/wp\/v2\/pages\/639","targetHints":{"allow":["GET"]}}],"collection":[{"href":"https:\/\/secure.skokka.com\/pt\/wp-json\/wp\/v2\/pages"}],"about":[{"href":"https:\/\/secure.skokka.com\/pt\/wp-json\/wp\/v2\/types\/page"}],"author":[{"embeddable":true,"href":"https:\/\/secure.skokka.com\/pt\/wp-json\/wp\/v2\/users\/2"}],"replies":[{"embeddable":true,"href":"https:\/\/secure.skokka.com\/pt\/wp-json\/wp\/v2\/comments?post=639"}],"version-history":[{"count":5,"href":"https:\/\/secure.skokka.com\/pt\/wp-json\/wp\/v2\/pages\/639\/revisions"}],"predecessor-version":[{"id":647,"href":"https:\/\/secure.skokka.com\/pt\/wp-json\/wp\/v2\/pages\/639\/revisions\/647"}],"wp:attachment":[{"href":"https:\/\/secure.skokka.com\/pt\/wp-json\/wp\/v2\/media?parent=639"}],"curies":[{"name":"wp","href":"https:\/\/api.w.org\/{rel}","templated":true}]}}