{"id":16,"date":"2024-05-15T12:00:24","date_gmt":"2024-05-15T12:00:24","guid":{"rendered":"https:\/\/secure.skokka.com\/?page_id=16"},"modified":"2024-06-07T14:02:33","modified_gmt":"2024-06-07T14:02:33","slug":"about","status":"publish","type":"page","link":"https:\/\/secure.skokka.com\/pt\/about\/","title":{"rendered":"Manifesto"},"content":{"rendered":"\n<p><strong>Manifesto de Den\u00fancia e Guerra contra as Fraudes!<br>Pela liberdade e seguran\u00e7a de todos<\/strong><\/p>\n\n\n\n<p>Dentro da sua rede, o Skokka garante a todos a liberdade de express\u00e3o e de viver sua sexualidade em um ambiente onde a privacidade e a seguran\u00e7a s\u00e3o fundamentais. No entanto, hoje em dia enfrentamos s\u00e9rias amea\u00e7as: fraudes, roubo de identidade e extors\u00e3o que colocam em risco essa liberdade fundamental.<\/p>\n\n\n\n<p>\u00c9 inaceit\u00e1vel que indiv\u00edduos mal-intencionados aproveitem nossa plataforma para violar a confian\u00e7a dos usu\u00e1rios, colocando em risco sua seguran\u00e7a e bem-estar. N\u00e3o podemos mais tolerar essas atividades criminosas que minam os princ\u00edpios pelos quais o Skokka foi fundado.<\/p>\n\n\n\n<p>Nossa miss\u00e3o: defender a liberdade, garantir a seguran\u00e7a<\/p>\n\n\n\n<p>A p\u00e1gina SKOKKA SECURE foi criada com o objetivo de explicar e ajudar no caso de a liberdade de express\u00e3o n\u00e3o ser respeitada por um indiv\u00edduo mal-intencionado. Este espa\u00e7o \u00e9 dedicado a fornecer informa\u00e7\u00f5es detalhadas sobre fraudes e amea\u00e7as, oferecendo conselhos e recomenda\u00e7\u00f5es concretas para se proteger. No entanto, n\u00e3o basta apenas informar: \u00e9 necess\u00e1rio tomar medidas rigorosas para proteger cada usu\u00e1rio.<br><\/p>\n\n\n\n<p>Junte-se a n\u00f3s na luta contra as fraudes<br><\/p>\n\n\n\n<p>Se voc\u00ea foi v\u00edtima de fraudes, amea\u00e7as, roubo de identidade ou extors\u00e3o, \u00e9 fundamental que voc\u00ea tome medidas agora.<br>Somente por meio de relat\u00f3rios oportunos podemos fornecer o suporte necess\u00e1rio para resolver o problema. Sua voz \u00e9 essencial em nossa batalha contra esses crimes.<\/p>\n\n\n\n<p>Nossas a\u00e7\u00f5es concretas<\/p>\n\n\n\n<p><strong>Informa\u00e7\u00e3o e Preven\u00e7\u00e3o:<\/strong> Continuaremos educando os usu\u00e1rios sobre como reconhecer e evitar fraudes por meio de campanhas informativas e atualiza\u00e7\u00f5es constantes na p\u00e1gina SKOKKA SECURE.<\/p>\n\n\n\n<p><strong>Apoio e Assist\u00eancia:<\/strong> Oferecemos suporte dedicado a todas as v\u00edtimas de fraudes, amea\u00e7as, roubo de identidade ou extors\u00e3o, garantindo que cada relat\u00f3rio seja tratado com a maior seriedade e confidencialidade.<\/p>\n\n\n\n<p><strong>Coopera\u00e7\u00e3o com as Autoridades: <\/strong>Garantimos nossa coopera\u00e7\u00e3o com as autoridades competentes de acordo com a lei, para garantir que os respons\u00e1veis sejam processados e punidos.<\/p>\n\n\n\n<p><strong>Desenvolvimento Tecnol\u00f3gico<\/strong>: Investimos em tecnologias avan\u00e7adas para melhorar a seguran\u00e7a de nossa plataforma, tornando cada vez mais dif\u00edcil a atua\u00e7\u00e3o imperturb\u00e1vel de indiv\u00edduos mal-intencionados.<\/p>\n\n\n\n<p>Sua seguran\u00e7a \u00e9 nossa prioridade<\/p>\n\n\n\n<p>Juntos, podemos criar um ambiente em que a liberdade de express\u00e3o seja realmente respeitada e protegida. Junte-se a n\u00f3s nesta guerra contra os golpes cibern\u00e9ticos e outros crimes.<\/p>\n\n\n\n<p>Vamos defender nossos direitos e nossa seguran\u00e7a juntos.<\/p>\n\n\n\n<p>N\u00e3o fique em sil\u00eancio. Manifeste-se. Lute. Ven\u00e7a.<\/p>\n\n\n\n<p>Pela liberdade e seguran\u00e7a de todos n\u00f3s.<\/p>\n\n\n\n<p><strong>Skokka<\/strong><\/p>\n","protected":false},"excerpt":{"rendered":"<p>Manifesto de Den\u00fancia e Guerra contra as Fraudes!Pela liberdade e seguran\u00e7a de todos Dentro da sua rede, o Skokka garante a todos a liberdade de express\u00e3o e de viver sua sexualidade em um ambiente onde a privacidade e a seguran\u00e7a s\u00e3o fundamentais. No entanto, hoje em dia enfrentamos s\u00e9rias amea\u00e7as: fraudes, roubo de identidade e [&hellip;]<\/p>\n","protected":false},"author":1,"featured_media":0,"parent":0,"menu_order":0,"comment_status":"closed","ping_status":"closed","template":"","meta":{"_uag_custom_page_level_css":"","_themeisle_gutenberg_block_has_review":false,"footnotes":""},"class_list":["post-16","page","type-page","status-publish","hentry"],"uagb_featured_image_src":{"full":false,"thumbnail":false,"medium":false,"medium_large":false,"large":false,"1536x1536":false,"2048x2048":false},"uagb_author_info":{"display_name":"admin","author_link":"https:\/\/secure.skokka.com\/pt\/author\/admin\/"},"uagb_comment_info":0,"uagb_excerpt":"Manifesto de Den\u00fancia e Guerra contra as Fraudes!Pela liberdade e seguran\u00e7a de todos Dentro da sua rede, o Skokka garante a todos a liberdade de express\u00e3o e de viver sua sexualidade em um ambiente onde a privacidade e a seguran\u00e7a s\u00e3o fundamentais. No entanto, hoje em dia enfrentamos s\u00e9rias amea\u00e7as: fraudes, roubo de identidade e&hellip;","_links":{"self":[{"href":"https:\/\/secure.skokka.com\/pt\/wp-json\/wp\/v2\/pages\/16","targetHints":{"allow":["GET"]}}],"collection":[{"href":"https:\/\/secure.skokka.com\/pt\/wp-json\/wp\/v2\/pages"}],"about":[{"href":"https:\/\/secure.skokka.com\/pt\/wp-json\/wp\/v2\/types\/page"}],"author":[{"embeddable":true,"href":"https:\/\/secure.skokka.com\/pt\/wp-json\/wp\/v2\/users\/1"}],"replies":[{"embeddable":true,"href":"https:\/\/secure.skokka.com\/pt\/wp-json\/wp\/v2\/comments?post=16"}],"version-history":[{"count":3,"href":"https:\/\/secure.skokka.com\/pt\/wp-json\/wp\/v2\/pages\/16\/revisions"}],"predecessor-version":[{"id":778,"href":"https:\/\/secure.skokka.com\/pt\/wp-json\/wp\/v2\/pages\/16\/revisions\/778"}],"wp:attachment":[{"href":"https:\/\/secure.skokka.com\/pt\/wp-json\/wp\/v2\/media?parent=16"}],"curies":[{"name":"wp","href":"https:\/\/api.w.org\/{rel}","templated":true}]}}