{"id":138,"date":"2024-05-16T07:20:23","date_gmt":"2024-05-16T07:20:23","guid":{"rendered":"https:\/\/secure.skokka.com\/?page_id=138"},"modified":"2024-08-27T13:35:42","modified_gmt":"2024-08-27T13:35:42","slug":"numeros-utiles","status":"publish","type":"page","link":"https:\/\/secure.skokka.com\/pt\/numeros-utiles\/","title":{"rendered":"N\u00fameros \u00dateis"},"content":{"rendered":"\n<p><\/p>\n\n\n\n<p><\/p>\n\n\n\n<p><strong>Bem-vindo \u00e0 nossa p\u00e1gina de n\u00fameros \u00fateis para den\u00fancias \u00e0s autoridades competentes.&nbsp;<\/strong><\/p>\n\n\n\n<p><em>Aqui voc\u00ea encontrar\u00e1 uma lista \u00fatil de contatos essenciais para denunciar golpes, amea\u00e7as, roubo de identidade e extors\u00e3o.<br>Embora nos esforcemos periodicamente para atualizar o Site, nenhuma declara\u00e7\u00e3o ou garantia expressa ou impl\u00edcita \u00e9 feita de que o conte\u00fado do Site seja preciso, completo, atualizado e livre de erros ou omiss\u00f5es<\/em><\/p>\n\n\n\n<p>N\u00e3o tolere injusti\u00e7as: aja agora!&nbsp;<\/p>\n\n\n\n<p>Cada den\u00fancia que voc\u00ea envia \u00e9 importante em nossa luta por seguran\u00e7a e liberdade.<\/p>\n\n\n\n<p><strong>Onde se pode denunciar uma fraude?<\/strong><\/p>\n\n\n\n<p>As v\u00edtimas de golpes no Brasil podem relatar seus casos para:<\/p>\n\n\n\n<p>\u2022<strong> Pol\u00edcia Federal:<\/strong> A Pol\u00edcia Federal no Brasil lida com investiga\u00e7\u00f5es de crimes cibern\u00e9ticos. Voc\u00ea pode relatar golpes online \u00e0 Pol\u00edcia Federal visitando o site deles ou entrando em contato com o escrit\u00f3rio local da Pol\u00edcia Federal. Eles t\u00eam uma Divis\u00e3o de Crimes Cibern\u00e9ticos que lida com crimes relacionados \u00e0 internet.<\/p>\n\n\n\n<p>\u2022 <strong>Centro de Estudos, Resposta e Tratamento de Incidentes de Seguran\u00e7a no Brasil (<a href=\"https:\/\/www.cert.br\/\" target=\"_blank\" rel=\"noreferrer noopener\">CERT.br<\/a>): <\/strong>Voc\u00ea pode relatar qualquer tentativa de phishing que tenha sido feita contra seu email ou telefone. Voc\u00ea pode contat\u00e1-los atrav\u00e9s do email <a>cert@cert.br<\/a><\/p>\n\n\n\n<p>\u2022 <strong><a href=\"https:\/\/new.safernet.org.br\/\" target=\"_blank\" rel=\"noreferrer noopener\">SaferNet Brasil<\/a>:<\/strong> A SaferNet \u00e9 uma organiza\u00e7\u00e3o n\u00e3o governamental brasileira que combate crimes na internet em parceria com o Minist\u00e9rio P\u00fablico Federal. Eles possuem uma linha de ajuda para relatar crimes na internet, incluindo golpes online.<br><br><\/p>\n","protected":false},"excerpt":{"rendered":"<p>Bem-vindo \u00e0 nossa p\u00e1gina de n\u00fameros \u00fateis para den\u00fancias \u00e0s autoridades competentes.&nbsp; Aqui voc\u00ea encontrar\u00e1 uma lista \u00fatil de contatos essenciais para denunciar golpes, amea\u00e7as, roubo de identidade e extors\u00e3o.Embora nos esforcemos periodicamente para atualizar o Site, nenhuma declara\u00e7\u00e3o ou garantia expressa ou impl\u00edcita \u00e9 feita de que o conte\u00fado do Site seja preciso, completo, [&hellip;]<\/p>\n","protected":false},"author":1,"featured_media":0,"parent":0,"menu_order":0,"comment_status":"closed","ping_status":"closed","template":"","meta":{"_uag_custom_page_level_css":"","_themeisle_gutenberg_block_has_review":false,"footnotes":""},"class_list":["post-138","page","type-page","status-publish","hentry"],"uagb_featured_image_src":{"full":false,"thumbnail":false,"medium":false,"medium_large":false,"large":false,"1536x1536":false,"2048x2048":false},"uagb_author_info":{"display_name":"admin","author_link":"https:\/\/secure.skokka.com\/pt\/author\/admin\/"},"uagb_comment_info":0,"uagb_excerpt":"Bem-vindo \u00e0 nossa p\u00e1gina de n\u00fameros \u00fateis para den\u00fancias \u00e0s autoridades competentes.&nbsp; Aqui voc\u00ea encontrar\u00e1 uma lista \u00fatil de contatos essenciais para denunciar golpes, amea\u00e7as, roubo de identidade e extors\u00e3o.Embora nos esforcemos periodicamente para atualizar o Site, nenhuma declara\u00e7\u00e3o ou garantia expressa ou impl\u00edcita \u00e9 feita de que o conte\u00fado do Site seja preciso, completo,&hellip;","_links":{"self":[{"href":"https:\/\/secure.skokka.com\/pt\/wp-json\/wp\/v2\/pages\/138","targetHints":{"allow":["GET"]}}],"collection":[{"href":"https:\/\/secure.skokka.com\/pt\/wp-json\/wp\/v2\/pages"}],"about":[{"href":"https:\/\/secure.skokka.com\/pt\/wp-json\/wp\/v2\/types\/page"}],"author":[{"embeddable":true,"href":"https:\/\/secure.skokka.com\/pt\/wp-json\/wp\/v2\/users\/1"}],"replies":[{"embeddable":true,"href":"https:\/\/secure.skokka.com\/pt\/wp-json\/wp\/v2\/comments?post=138"}],"version-history":[{"count":11,"href":"https:\/\/secure.skokka.com\/pt\/wp-json\/wp\/v2\/pages\/138\/revisions"}],"predecessor-version":[{"id":859,"href":"https:\/\/secure.skokka.com\/pt\/wp-json\/wp\/v2\/pages\/138\/revisions\/859"}],"wp:attachment":[{"href":"https:\/\/secure.skokka.com\/pt\/wp-json\/wp\/v2\/media?parent=138"}],"curies":[{"name":"wp","href":"https:\/\/api.w.org\/{rel}","templated":true}]}}