{"id":135,"date":"2024-05-16T07:19:56","date_gmt":"2024-05-16T07:19:56","guid":{"rendered":"https:\/\/secure.skokka.com\/?page_id=135"},"modified":"2024-06-07T13:51:27","modified_gmt":"2024-06-07T13:51:27","slug":"video","status":"publish","type":"page","link":"https:\/\/secure.skokka.com\/pt\/video\/","title":{"rendered":"Video"},"content":{"rendered":"\n<div class=\"wp-block-group has-global-padding is-layout-constrained wp-block-group-is-layout-constrained\">\n<p><strong>Bem-vindo \u00e0 nossa p\u00e1gina de v\u00eddeos, onde voc\u00ea encontrar\u00e1 recursos essenciais para reconhecer e se defender de golpes, amea\u00e7as, roubo de identidade e extors\u00e3o.\u00a0<\/strong><\/p>\n\n\n\n<p>Cada v\u00eddeo oferece explica\u00e7\u00f5es detalhadas e dicas pr\u00e1ticas para proteger sua seguran\u00e7a on-line.&nbsp;<\/p>\n\n\n\n<p>Informe-se, previna-se e aja com consci\u00eancia!<\/p>\n\n\n\n<p><\/p>\n<\/div>\n\n\n\n<figure class=\"wp-block-embed is-type-video is-provider-youtube wp-block-embed-youtube wp-embed-aspect-16-9 wp-has-aspect-ratio\"><div class=\"wp-block-embed__wrapper\">\n<iframe loading=\"lazy\" title=\"Skokka Amenazas de Muerte - \u00a1Toda la verdad!\" width=\"500\" height=\"281\" src=\"https:\/\/www.youtube.com\/embed\/qRr5o3WFUgk?start=78&#038;feature=oembed\" frameborder=\"0\" allow=\"accelerometer; autoplay; clipboard-write; encrypted-media; gyroscope; picture-in-picture; web-share\" referrerpolicy=\"strict-origin-when-cross-origin\" allowfullscreen><\/iframe>\n<\/div><\/figure>\n\n\n\n<div class=\"wp-block-group has-global-padding is-layout-constrained wp-block-group-is-layout-constrained\">\n<div class=\"wp-block-columns is-layout-flex wp-container-core-columns-is-layout-28f84493 wp-block-columns-is-layout-flex\">\n<div class=\"wp-block-column is-layout-flow wp-block-column-is-layout-flow\">\n<figure class=\"wp-block-embed is-type-video is-provider-youtube wp-block-embed-youtube wp-embed-aspect-16-9 wp-has-aspect-ratio\"><div class=\"wp-block-embed__wrapper\">\n<iframe loading=\"lazy\" title=\"Amea\u00e7as de Morte no Skokka: Aprenda a se proteger e denuncie estes deliquentes\" width=\"500\" height=\"281\" src=\"https:\/\/www.youtube.com\/embed\/UnBLsNTSoxU?feature=oembed\" frameborder=\"0\" allow=\"accelerometer; autoplay; clipboard-write; encrypted-media; gyroscope; picture-in-picture; web-share\" referrerpolicy=\"strict-origin-when-cross-origin\" allowfullscreen><\/iframe>\n<\/div><figcaption class=\"wp-element-caption\"><strong>SCAMS<\/strong><\/figcaption><\/figure>\n<\/div>\n\n\n\n<div class=\"wp-block-column is-layout-flow wp-block-column-is-layout-flow\">\n<figure class=\"wp-block-embed is-type-video is-provider-youtube wp-block-embed-youtube wp-embed-aspect-16-9 wp-has-aspect-ratio\"><div class=\"wp-block-embed__wrapper\">\n<iframe loading=\"lazy\" title=\"Skokka: Dicas para se proteger de fraudes e golpes, cuidado com pagamentos antecipados suspeitos.\" width=\"500\" height=\"281\" src=\"https:\/\/www.youtube.com\/embed\/ocbnYnbSvYg?feature=oembed\" frameborder=\"0\" allow=\"accelerometer; autoplay; clipboard-write; encrypted-media; gyroscope; picture-in-picture; web-share\" referrerpolicy=\"strict-origin-when-cross-origin\" allowfullscreen><\/iframe>\n<\/div><figcaption class=\"wp-element-caption\"><strong>SCAMS<\/strong><\/figcaption><\/figure>\n<\/div>\n<\/div>\n\n\n\n<div class=\"wp-block-columns is-layout-flex wp-container-core-columns-is-layout-28f84493 wp-block-columns-is-layout-flex\">\n<div class=\"wp-block-column is-layout-flow wp-block-column-is-layout-flow\">\n<figure class=\"wp-block-embed is-type-video is-provider-youtube wp-block-embed-youtube wp-embed-aspect-16-9 wp-has-aspect-ratio\"><div class=\"wp-block-embed__wrapper\">\n<iframe loading=\"lazy\" title=\"Alerta M\u00e1ximo: Golpes e Extors\u00f5es no Skokka\" width=\"500\" height=\"281\" src=\"https:\/\/www.youtube.com\/embed\/VaU-rxKBEJA?feature=oembed\" frameborder=\"0\" allow=\"accelerometer; autoplay; clipboard-write; encrypted-media; gyroscope; picture-in-picture; web-share\" referrerpolicy=\"strict-origin-when-cross-origin\" allowfullscreen><\/iframe>\n<\/div><figcaption class=\"wp-element-caption\"><strong>SCAM &amp; EXTORSION<\/strong><\/figcaption><\/figure>\n<\/div>\n\n\n\n<div class=\"wp-block-column is-layout-flow wp-block-column-is-layout-flow\">\n<figure class=\"wp-block-embed is-type-video is-provider-youtube wp-block-embed-youtube wp-embed-aspect-16-9 wp-has-aspect-ratio\"><div class=\"wp-block-embed__wrapper\">\n<iframe loading=\"lazy\" title=\"Golpes e Amea\u00e7as no Skokka [MENTIRAS]\" width=\"500\" height=\"281\" src=\"https:\/\/www.youtube.com\/embed\/OMkpFhaFbIE?feature=oembed\" frameborder=\"0\" allow=\"accelerometer; autoplay; clipboard-write; encrypted-media; gyroscope; picture-in-picture; web-share\" referrerpolicy=\"strict-origin-when-cross-origin\" allowfullscreen><\/iframe>\n<\/div><figcaption class=\"wp-element-caption\"><strong>SCAMS &amp; DEATH THREATS<\/strong><\/figcaption><\/figure>\n<\/div>\n<\/div>\n\n\n\n<div class=\"wp-block-columns is-layout-flex wp-container-core-columns-is-layout-28f84493 wp-block-columns-is-layout-flex\">\n<div class=\"wp-block-column is-layout-flow wp-block-column-is-layout-flow\">\n<figure class=\"wp-block-embed is-type-video is-provider-youtube wp-block-embed-youtube wp-embed-aspect-16-9 wp-has-aspect-ratio\"><div class=\"wp-block-embed__wrapper\">\n<iframe loading=\"lazy\" title=\"O Direito de Escolha do Profissional do Sexo! [LIBERDADE PROFISSIONAL]\" width=\"500\" height=\"281\" src=\"https:\/\/www.youtube.com\/embed\/lcypHiiyBL8?feature=oembed\" frameborder=\"0\" allow=\"accelerometer; autoplay; clipboard-write; encrypted-media; gyroscope; picture-in-picture; web-share\" referrerpolicy=\"strict-origin-when-cross-origin\" allowfullscreen><\/iframe>\n<\/div><figcaption class=\"wp-element-caption\"><strong>PROXENETISM<\/strong><\/figcaption><\/figure>\n<\/div>\n\n\n\n<div class=\"wp-block-column is-layout-flow wp-block-column-is-layout-flow\"><\/div>\n<\/div>\n<\/div>\n","protected":false},"excerpt":{"rendered":"<p>Bem-vindo \u00e0 nossa p\u00e1gina de v\u00eddeos, onde voc\u00ea encontrar\u00e1 recursos essenciais para reconhecer e se defender de golpes, amea\u00e7as, roubo de identidade e extors\u00e3o.\u00a0 Cada v\u00eddeo oferece explica\u00e7\u00f5es detalhadas e dicas pr\u00e1ticas para proteger sua seguran\u00e7a on-line.&nbsp; Informe-se, previna-se e aja com consci\u00eancia!<\/p>\n","protected":false},"author":1,"featured_media":0,"parent":0,"menu_order":0,"comment_status":"closed","ping_status":"closed","template":"","meta":{"_uag_custom_page_level_css":"","_themeisle_gutenberg_block_has_review":false,"footnotes":""},"class_list":["post-135","page","type-page","status-publish","hentry"],"uagb_featured_image_src":{"full":false,"thumbnail":false,"medium":false,"medium_large":false,"large":false,"1536x1536":false,"2048x2048":false},"uagb_author_info":{"display_name":"admin","author_link":"https:\/\/secure.skokka.com\/pt\/author\/admin\/"},"uagb_comment_info":0,"uagb_excerpt":"Bem-vindo \u00e0 nossa p\u00e1gina de v\u00eddeos, onde voc\u00ea encontrar\u00e1 recursos essenciais para reconhecer e se defender de golpes, amea\u00e7as, roubo de identidade e extors\u00e3o.\u00a0 Cada v\u00eddeo oferece explica\u00e7\u00f5es detalhadas e dicas pr\u00e1ticas para proteger sua seguran\u00e7a on-line.&nbsp; Informe-se, previna-se e aja com consci\u00eancia!","_links":{"self":[{"href":"https:\/\/secure.skokka.com\/pt\/wp-json\/wp\/v2\/pages\/135","targetHints":{"allow":["GET"]}}],"collection":[{"href":"https:\/\/secure.skokka.com\/pt\/wp-json\/wp\/v2\/pages"}],"about":[{"href":"https:\/\/secure.skokka.com\/pt\/wp-json\/wp\/v2\/types\/page"}],"author":[{"embeddable":true,"href":"https:\/\/secure.skokka.com\/pt\/wp-json\/wp\/v2\/users\/1"}],"replies":[{"embeddable":true,"href":"https:\/\/secure.skokka.com\/pt\/wp-json\/wp\/v2\/comments?post=135"}],"version-history":[{"count":3,"href":"https:\/\/secure.skokka.com\/pt\/wp-json\/wp\/v2\/pages\/135\/revisions"}],"predecessor-version":[{"id":774,"href":"https:\/\/secure.skokka.com\/pt\/wp-json\/wp\/v2\/pages\/135\/revisions\/774"}],"wp:attachment":[{"href":"https:\/\/secure.skokka.com\/pt\/wp-json\/wp\/v2\/media?parent=135"}],"curies":[{"name":"wp","href":"https:\/\/api.w.org\/{rel}","templated":true}]}}