{"id":794,"date":"2024-10-29T14:09:47","date_gmt":"2024-10-29T14:09:47","guid":{"rendered":"https:\/\/secure.skokka.com\/es\/?page_id=794"},"modified":"2024-10-30T09:55:48","modified_gmt":"2024-10-30T09:55:48","slug":"politica-de-privacidad-de-conformidad-con-el-art-13-del-reglamento-ue-679-2016-gdpr","status":"publish","type":"page","link":"https:\/\/secure.skokka.com\/es\/politica-de-privacidad-de-conformidad-con-el-art-13-del-reglamento-ue-679-2016-gdpr\/","title":{"rendered":"POL\u00cdTICA DE PRIVACIDAD DE CONFORMIDAD CON EL ART. 13 DEL REGLAMENTO (UE) 679\/2016 (\u00abGDPR\u00bb)"},"content":{"rendered":"\n<ol class=\"wp-block-list\">\n<li><strong>QUI\u00c9NES SOMOS<\/strong><\/li>\n<\/ol>\n\n\n\n<p>La compa\u00f1\u00eda SOFYAN LIMITED, con domicilio social en Amathus Avenue, 4532 Agios Tychonas, Limassol, Chipre, N\u00famero de registro: HE 445193 (en adelante <em>\u00ab<\/em><strong>Sofyan<\/strong>\u00bb o la \u00ab<strong>Compa\u00f1\u00eda<\/strong>\u00ab), en su calidad de controlador de datos con respecto a los Datos personales recopilados en el <a href=\"http:\/\/secure.skokka.com\">sitio web<\/a> (en lo sucesivo tambi\u00e9n denominado el \u00ab<strong>Sitio<\/strong>\u00ab), presta la m\u00e1xima atenci\u00f3n a la seguridad y confidencialidad de los Datos Personales en el desempe\u00f1o de sus actividades.<\/p>\n\n\n\n<p>La presente pol\u00edtica de privacidad (en adelante, la \u00ab<strong>Pol\u00edtica de Privacidad<\/strong>\u00ab) puede estar sujeta a modificaciones, adiciones o actualizaciones peri\u00f3dicas, tambi\u00e9n en consideraci\u00f3n a posibles cambios en la legislaci\u00f3n aplicable, o en las medidas de la Autoridad de Protecci\u00f3n de Datos competente y\/o del Comit\u00e9 Europeo de Protecci\u00f3n de Datos (\u00ab<strong>CEPD<\/strong>\u00ab). Los cambios y actualizaciones sustanciales de la Pol\u00edtica de Privacidad se pondr\u00e1n en conocimiento de los interesados mediante la actualizaci\u00f3n del enlace a la Pol\u00edtica de Privacidad en el pie de p\u00e1gina del Sitio.<\/p>\n\n\n\n<p>Le invitamos a leer regularmente esta Pol\u00edtica de Privacidad para estar al tanto de su \u00faltima versi\u00f3n y estar informado en todo momento de c\u00f3mo procesamos sus Datos Personales.&nbsp;<\/p>\n\n\n\n<p>En caso de que se produzcan cambios significativos que afecten a sus derechos como Usuario (tal y como se definen en las <strong><a href=\"https:\/\/secure.skokka.com\/es\/terminos-de-uso\/\">Condiciones de Uso<\/a><\/strong> , le informaremos por correo electr\u00f3nico con una antelaci\u00f3n razonable.<\/p>\n\n\n\n<ol class=\"wp-block-list\">\n<li><strong>QU\u00c9 DATOS PERSONALES SE PUEDEN RECOPILAR<\/strong><\/li>\n<\/ol>\n\n\n\n<p>Por datos personales se entiende cualquier informaci\u00f3n sobre una persona a partir de la cual se pueda identificar a esa persona. Las siguientes categor\u00edas de datos personales relacionados con usted, que usted proporciona voluntariamente, pueden ser recopiladas por la Compa\u00f1\u00eda en el desempe\u00f1o de sus actividades (el t\u00e9rmino \u00ab<strong>Datos personales<\/strong>\u00bb significar\u00e1 todas las categor\u00edas enumeradas a continuaci\u00f3n, consideradas conjuntamente):<\/p>\n\n\n\n<ul class=\"wp-block-list\">\n<li><strong>Datos de contacto<\/strong>: informaci\u00f3n sobre su nombre, apellidos, n\u00famero de tel\u00e9fono, direcci\u00f3n de correo electr\u00f3nico;&nbsp;<\/li>\n\n\n\n<li><strong>Otros datos personales<\/strong>: informaci\u00f3n sobre su sexo, edad, fotograf\u00eda(s), as\u00ed como otros datos que pueda proporcionar espont\u00e1neamente mientras navega por el Sitio Web;<\/li>\n\n\n\n<li><strong>Categor\u00edas especiales de datos personales<\/strong>: informaci\u00f3n que puede estar relacionada con su estilo de vida y comportamiento sexual;<\/li>\n\n\n\n<li><strong>Datos de uso del sitio<\/strong>: direcci\u00f3n IP, software del agente de usuario e informaci\u00f3n adquirida a trav\u00e9s de cookies (consulte nuestra <strong><a href=\"https:\/\/secure.skokka.com\/es\/politica-de-cookies\/\">Pol\u00edtica de cookies<\/a> <\/strong> que regula los detalles).<\/li>\n<\/ul>\n\n\n\n<p>Tambi\u00e9n recopilamos, usamos y compartimos datos agregados, como datos estad\u00edsticos o demogr\u00e1ficos, que no son datos personales, ya que no revelan directa (o indirectamente) su identidad. Por ejemplo, podemos agregar datos de uso de individuos para calcular el porcentaje de usuarios que acceden a una funci\u00f3n espec\u00edfica del Sitio con el fin de analizar las tendencias generales en c\u00f3mo los usuarios interact\u00faan con nuestro Sitio para ayudar a mejorar el Sitio y nuestra oferta de servicios.<\/p>\n\n\n\n<ol class=\"wp-block-list\">\n<li><strong>C\u00d3MO RECOPILAMOS SUS DATOS PERSONALES<\/strong><\/li>\n<\/ol>\n\n\n\n<p>La Compa\u00f1\u00eda recopila y procesa sus Datos Personales en las siguientes circunstancias:<\/p>\n\n\n\n<ul class=\"wp-block-list\">\n<li>si visita y navega por el Sitio;<\/li>\n\n\n\n<li>si completa y env\u00eda el formulario en el Sitio;<\/li>\n\n\n\n<li>Al llevar a cabo y responder a sus solicitudes de soporte y\/o informes.<\/li>\n<\/ul>\n\n\n\n<p>Le pedimos que mantenga sus datos personales actualizados y que nos informe de cualquier cambio.<\/p>\n\n\n\n<ol class=\"wp-block-list\">\n<li><strong>\u00bfPARA QU\u00c9 FINES SE PUEDEN UTILIZAR SUS DATOS PERSONALES?<\/strong><\/li>\n<\/ol>\n\n\n\n<p>El tratamiento de los Datos Personales se lleva a cabo para las siguientes finalidades y est\u00e1 legitimado por las bases legales previstas en la legislaci\u00f3n aplicable, tal y como se describe a continuaci\u00f3n:<\/p>\n\n\n\n<ol class=\"wp-block-list\">\n<li><strong>Gesti\u00f3n operativa y fines estrictamente relacionados con el acceso, la navegaci\u00f3n en el Sitio.<\/strong><\/li>\n<\/ol>\n\n\n\n<p>La Compa\u00f1\u00eda puede procesar sus Datos Personales y de Contacto, Otros Datos Personales y Datos de Uso del Sitio para permitirle acceder, navegar por el Sitio, as\u00ed como completar el formulario para informes y \/ o solicitud de soporte con los Usuarios solicitantes.<\/p>\n\n\n\n<p>Base jur\u00eddica del tratamiento: ejecuci\u00f3n de un contrato en el que usted es parte o de medidas precontractuales adoptadas a petici\u00f3n suya.<\/p>\n\n\n\n<p>El suministro de sus Datos Personales para tal fin es obligatorio para responder a sus solicitudes; de lo contrario, impedir\u00e1 a la Compa\u00f1\u00eda procesar las solicitudes.<\/p>\n\n\n\n<ol class=\"wp-block-list\">\n<li><strong>Responder a sus informes y\/o solicitud de soporte.&nbsp;<\/strong><\/li>\n<\/ol>\n\n\n\n<p>La Compa\u00f1\u00eda puede procesar sus datos de contacto, en particular, su direcci\u00f3n de correo electr\u00f3nico y\/o n\u00famero de tel\u00e9fono, para responder a su informe y\/o solicitud de soporte completando el formulario en el Sitio.<\/p>\n\n\n\n<p>Base jur\u00eddica para el tratamiento: ejecuci\u00f3n de un contrato en el que usted es parte o de medidas precontractuales adoptadas a petici\u00f3n suya.<\/p>\n\n\n\n<p>La Compa\u00f1\u00eda tambi\u00e9n podr\u00e1 tratar con la misma finalidad su fotograf\u00eda, as\u00ed como Categor\u00edas Especiales de datos personales para responder a sus informes y\/o solicitudes de asistencia.<br>Base jur\u00eddica para el tratamiento: consentimiento, que se le solicitar\u00e1 tanto para el posible tratamiento de su fotograf\u00eda como\/o para el posible tratamiento de sus Categor\u00edas especiales de datos personales.&nbsp;<\/p>\n\n\n\n<p>La falta de consentimiento no le impedir\u00e1 enviar un informe o una solicitud de soporte. El consentimiento puede ser revocado en cualquier momento enviando un correo electr\u00f3nico a la siguiente direcci\u00f3n privacy.secure@skokka.com&nbsp;<\/p>\n\n\n\n<ol class=\"wp-block-list\">\n<li><strong>Investigaci\u00f3n de mercado y estad\u00edstica para mejorar el servicio.<\/strong><\/li>\n<\/ol>\n\n\n\n<p>La Compa\u00f1\u00eda puede tratar sus datos de contacto para analizar y mejorar sus servicios con el fin de mejorar la satisfacci\u00f3n del cliente.<\/p>\n\n\n\n<p>Base jur\u00eddica para el tratamiento: inter\u00e9s leg\u00edtimo de la Compa\u00f1\u00eda en verificar y mejorar sus servicios.<\/p>\n\n\n\n<p>El suministro de sus Datos Personales para tal fin es obligatorio; de lo contrario, impedir\u00e1 a la Compa\u00f1\u00eda realizar estudios de mercado y estad\u00edsticos para mejorar sus servicios. Sin embargo, puede oponerse, en cualquier momento, al tratamiento de sus datos de contacto para los fines mencionados anteriormente. La solicitud de oposici\u00f3n se puede realizar enviando un correo electr\u00f3nico a la siguiente direcci\u00f3n <a href=\"mailto:privacy.secure@skokka.com\">privacy.secure@skokka.com<\/a>.<\/p>\n\n\n\n<ol class=\"wp-block-list\">\n<li><strong>Defender un derecho en el curso de procedimientos judiciales, administrativos o extrajudiciales y en el contexto de disputas que surjan en relaci\u00f3n con los servicios ofrecidos.<\/strong><br>La Compa\u00f1\u00eda puede procesar sus Datos Personales para defender sus derechos o actuar o incluso reclamar cualquier cosa contra usted o cualquier tercero.<\/li>\n<\/ol>\n\n\n\n<p>Base jur\u00eddica para el tratamiento: inter\u00e9s leg\u00edtimo de la Compa\u00f1\u00eda para defender sus derechos ante los tribunales.<\/p>\n\n\n\n<p>Tiene derecho a oponerse en cualquier momento, por motivos relacionados con su situaci\u00f3n particular, al tratamiento de los Datos personales que le conciernen llevado a cabo por el Responsable del tratamiento en la consecuci\u00f3n de sus intereses leg\u00edtimos.&nbsp;<\/p>\n\n\n\n<p>Proporcionar sus Datos Personales para tal fin es obligatorio; de lo contrario, impedir\u00e1 a la Compa\u00f1\u00eda poder defender sus derechos.<\/p>\n\n\n\n<ol class=\"wp-block-list\">\n<li><strong>Finalidades relativas a las obligaciones previstas por las leyes, reglamentos y legislaci\u00f3n europea, por disposiciones \/ solicitudes de autoridades facultadas para ello por la ley y\/o por los organismos de supervisi\u00f3n y control.<\/strong><\/li>\n<\/ol>\n\n\n\n<p>La Compa\u00f1\u00eda puede tratar sus Datos Personales para cumplir con las solicitudes de las Autoridades Judiciales y\/o Autoridades de Control, o para cumplir con una obligaci\u00f3n legal.<br>Bases legales para el tratamiento: obligaci\u00f3n legal.<\/p>\n\n\n\n<p>Proporcionar sus Datos Personales para tal fin es obligatorio; el incumplimiento de los mismos impedir\u00eda a la Compa\u00f1\u00eda cumplir con obligaciones legales espec\u00edficas.<\/p>\n\n\n\n<ol class=\"wp-block-list\">\n<li><strong>C\u00d3MO MANTENEMOS SEGUROS SUS DATOS PERSONALES<\/strong><\/li>\n<\/ol>\n\n\n\n<p>La Compa\u00f1\u00eda utiliza una amplia gama de medidas de seguridad para mejorar la protecci\u00f3n y mantener la seguridad, integridad y accesibilidad de sus Datos personales.<\/p>\n\n\n\n<p>Todos sus Datos personales se almacenan en nuestros servidores seguros (o en copias seguras en papel u otros medios de almacenamiento duraderos) o en los de nuestros proveedores, y se puede acceder a ellos y utilizarlos en funci\u00f3n de nuestros est\u00e1ndares y nuestras pol\u00edticas de seguridad (o est\u00e1ndares equivalentes para nuestros proveedores).<\/p>\n\n\n\n<ol class=\"wp-block-list\">\n<li><strong>\u00bfDURANTE CU\u00c1NTO TIEMPO ALMACENAMOS SU INFORMACI\u00d3N?<\/strong><\/li>\n<\/ol>\n\n\n\n<p>La Compa\u00f1\u00eda conservar\u00e1 sus Datos Personales solo durante el tiempo necesario para lograr los fines para los que fueron recopilados o para cualquier otro prop\u00f3sito relacionado y l\u00edcito.&nbsp;Por lo tanto, si los Datos Personales se procesan para dos fines diferentes, almacenaremos dichos Datos Personales hasta que finalice el prop\u00f3sito de procesamiento a m\u00e1s largo plazo; sin embargo, ya no procesaremos los Datos personales para el prop\u00f3sito para el que haya expirado el per\u00edodo de retenci\u00f3n.<\/p>\n\n\n\n<p>Restringimos el acceso a sus datos personales solo a aquellos que necesitan usarlos para fines relevantes. Cuando sus datos personales ya no sean necesarios, o cuando ya no exista ninguna base legal para almacenar dichos datos personales, se anonimizar\u00e1n de forma irreversible o se destruir\u00e1n de forma segura.<\/p>\n\n\n\n<p>Los plazos de conservaci\u00f3n relativos a las diferentes finalidades descritas anteriormente se indican a continuaci\u00f3n:<\/p>\n\n\n\n<ol class=\"wp-block-list\">\n<li>Fines estrictamente relacionados con el acceso y la navegaci\u00f3n por el Sitio, incluido el registro en el Sitio y los informes y\/o solicitudes de soporte: Los Datos personales que se procesen para tal fin ser\u00e1n almacenados por la Compa\u00f1\u00eda durante el tiempo estrictamente necesario para proporcionarle acceso al Sitio y, en cualquier caso, a m\u00e1s tardar 2 a\u00f1os despu\u00e9s de su \u00faltimo acceso al Sitio. Conservamos los archivos de registro del servidor de los \u00faltimos 2 a\u00f1os.<\/li>\n\n\n\n<li>Respuesta a informes y\/o solicitud de asistencia: Los Datos Personales que se procesan para tal fin ser\u00e1n almacenados por la Compa\u00f1\u00eda a m\u00e1s tardar 1 a\u00f1o despu\u00e9s de la publicaci\u00f3n del anuncio.<\/li>\n\n\n\n<li>Investigaci\u00f3n de mercado y estad\u00edstica con el fin de mejorar el servicio: Los Datos Personales que se procesan para tal fin ser\u00e1n almacenados por la Compa\u00f1\u00eda durante 2 a\u00f1os a partir de su recopilaci\u00f3n.<\/li>\n\n\n\n<li>Defender un derecho en el curso de procedimientos judiciales, administrativos o extrajudiciales y en el contexto de disputas que surjan en relaci\u00f3n con los servicios ofrecidos: Los Datos Personales que se procesen para tal fin ser\u00e1n conservados por la Compa\u00f1\u00eda durante el tiempo estrictamente necesario para lograr dicho prop\u00f3sito.<\/li>\n\n\n\n<li>Finalidades relativas a las obligaciones previstas por las leyes, reglamentos y leyes, por disposiciones \/ solicitudes de autoridades facultadas para ello por la ley y\/o por los organismos de supervisi\u00f3n y control: Los Datos Personales que se procesen para tales fines ser\u00e1n conservados por la Compa\u00f1\u00eda durante el tiempo estrictamente necesario para lograr dichos fines.<\/li>\n\n\n\n<li><strong>CON QUI\u00c9N PODEMOS COMPARTIR SUS DATOS PERSONALES<\/strong><\/li>\n<\/ol>\n\n\n\n<p>Sus Datos Personales pueden ser accedidos por empleados debidamente autorizados, as\u00ed como por proveedores externos que brindan soporte para la prestaci\u00f3n de servicios, si los hubiera, designados como procesadores de datos, incluidos todos los proveedores de TI involucrados en la prestaci\u00f3n de los servicios ofrecidos por el Sitio web, (incluidos, entre otros, aquellos que proporcionan pasarelas de pago para pedidos realizados a trav\u00e9s del Sitio web,&nbsp; proveedores de servicios de verificaci\u00f3n de edad, etc.). P\u00f3ngase en contacto con nosotros en la siguiente direcci\u00f3n de correo electr\u00f3nico: <a href=\"mailto:privacy.secure@skokka.com\">privacy.secure@skokka.com<\/a> si desea ver la lista de procesadores de datos y otras entidades con las que compartimos datos.<\/p>\n\n\n\n<ol class=\"wp-block-list\">\n<li><strong>TRANSFERENCIA DE DATOS PERSONALES FUERA DEL ESPACIO ECON\u00d3MICO EUROPEO<\/strong><\/li>\n<\/ol>\n\n\n\n<p>Para la realizaci\u00f3n de operaciones de tratamiento, sus Datos Personales podr\u00e1n ser transferidos fuera del Espacio Econ\u00f3mico Europeo (en adelante, \u00abPa\u00edses no europeos\u00bb). En tales circunstancias, si la Comisi\u00f3n Europea no considera adecuados los pa\u00edses no europeos a los que se pueden transferir sus Datos personales y no se aplican los casos de exenci\u00f3n en virtud del art\u00edculo 49 del RGPD, la Compa\u00f1\u00eda adoptar\u00e1 las medidas de seguridad adecuadas para proteger sus Datos personales de conformidad con la legislaci\u00f3n aplicable y, en particular, con el art\u00edculo 46 del RGPD. Tiene derecho a obtener informaci\u00f3n sobre las garant\u00edas adecuadas adoptadas para la transferencia de Datos Personales y los medios para obtener una copia de dichos Datos Personales o el lugar donde se hayan puesto a disposici\u00f3n.&nbsp;<\/p>\n\n\n\n<ol class=\"wp-block-list\">\n<li><strong>CONTACTOS<\/strong><\/li>\n<\/ol>\n\n\n\n<p>Si tiene alguna pregunta sobre esta Pol\u00edtica de privacidad, incluidas las solicitudes para ejercer sus derechos legales (seg\u00fan lo dispuesto en el p\u00e1rrafo 10), los datos de contacto de la Compa\u00f1\u00eda, en su calidad de controlador de datos, son los siguientes:<\/p>\n\n\n\n<p>SOFYAN LIMITADA<\/p>\n\n\n\n<p>Domicilio Social: Amathus Avenue, 4532 Agios Tychonas, Limassol, Chipre,&nbsp;<\/p>\n\n\n\n<p>N\u00famero de registro: HE 445193&nbsp;<\/p>\n\n\n\n<p>Correo electr\u00f3nico: <a href=\"mailto:privacy.secure@skokka.com\">privacy.secure@skokka.com<\/a>&nbsp;<\/p>\n\n\n\n<ol class=\"wp-block-list\">\n<li><a href=\"https:\/\/uk.skokka.com\/privacy-policy\/#personal-data-protection\"><strong>SUS DERECHOS DE PROTECCI\u00d3N DE DATOS PERSONALES Y SU DERECHO A PRESENTAR UNA RECLAMACI\u00d3N ANTE LAS AUTORIDADES DE CONTROL<\/strong><\/a><\/li>\n<\/ol>\n\n\n\n<p>Usted tiene derecho a:<\/p>\n\n\n\n<ul class=\"wp-block-list\">\n<li>Obtener la confirmaci\u00f3n de la existencia o inexistencia de Datos Personales que le conciernen, obtener acceso a sus Datos Personales y obtener una copia de los mismos (\u00abSolicitud de acceso del Sujeto\u00bb);<\/li>\n\n\n\n<li>En el caso de que el tratamiento se lleve a cabo por medios automatizados sobre la base del consentimiento o contrato, a recibir sus Datos Personales en un formato estructurado, de uso com\u00fan y legible por m\u00e1quina o a solicitar su transmisi\u00f3n a otro responsable del tratamiento sin obst\u00e1culos (Derecho de portabilidad);<\/li>\n\n\n\n<li>Obtener la rectificaci\u00f3n de los Datos Personales procesados por nosotros que sean inexactos o la integraci\u00f3n de Datos Personales incompletos (Derecho de rectificaci\u00f3n);<\/li>\n\n\n\n<li>Obtener la supresi\u00f3n de los Datos Personales tratados por nosotros si se aplica alguno de los motivos establecidos en el art\u00edculo 17 del RGPD (Derecho de supresi\u00f3n);<\/li>\n\n\n\n<li>Revocar su consentimiento para el tratamiento en cualquier momento si el tratamiento se basa en su consentimiento, sin perjuicio de la licitud del tratamiento correspondiente hasta el momento de la revocaci\u00f3n (art\u00edculo 7, apartado 3, del RGPD &#8211; Derecho a revocar el consentimiento);<\/li>\n\n\n\n<li>Solicitud de limitaci\u00f3n del tratamiento \u00fanicamente a determinados Datos Personales, si existe uno de los motivos establecidos en el art\u00edculo 18 del RGPD (Derecho a la limitaci\u00f3n del tratamiento);<\/li>\n\n\n\n<li>Oponerse total o parcialmente al tratamiento de los Datos personales que le conciernen (el denominado Derecho de Oposici\u00f3n);&nbsp;<\/li>\n<\/ul>\n\n\n\n<p>Las solicitudes para ejercer los derechos anteriores deben dirigirse a la siguiente direcci\u00f3n: <a href=\"mailto:privacy.secure@skokka.com\">privacy.secure@skokka.com<\/a>.<\/p>\n\n\n\n<p>El ejercicio de estos derechos es libre y no est\u00e1 sujeto a ninguna restricci\u00f3n formal. En caso de que ejerza alguno de los derechos antes mencionados, ser\u00e1 responsabilidad de la Sociedad verificar que tiene derecho a ejercerlos y responderle, por regla general, en el plazo de un mes.<\/p>\n\n\n\n<ol class=\"wp-block-list\">\n<li><strong>QUEJAS<\/strong><\/li>\n<\/ol>\n\n\n\n<p>En el caso de que considere que el tratamiento de sus datos personales infringe las disposiciones de la legislaci\u00f3n de protecci\u00f3n de datos, tiene derecho a presentar una reclamaci\u00f3n ante la autoridad local competente o a emprender acciones legales. Sin embargo, agradecer\u00edamos tener la oportunidad de abordar sus inquietudes antes de que se dirija a la autoridad competente o emprenda acciones legales, por lo tanto, comun\u00edquese con nosotros en primera instancia.<\/p>\n","protected":false},"excerpt":{"rendered":"<p>La compa\u00f1\u00eda SOFYAN LIMITED, con domicilio social en Amathus Avenue, 4532 Agios Tychonas, Limassol, Chipre, N\u00famero de registro: HE 445193 (en adelante \u00abSofyan\u00bb o la \u00abCompa\u00f1\u00eda\u00ab), en su calidad de controlador de datos con respecto a los Datos personales recopilados en el sitio web (en lo sucesivo tambi\u00e9n denominado el \u00abSitio\u00ab), presta la m\u00e1xima atenci\u00f3n [&hellip;]<\/p>\n","protected":false},"author":2,"featured_media":0,"parent":0,"menu_order":0,"comment_status":"closed","ping_status":"closed","template":"","meta":{"_uag_custom_page_level_css":"","_themeisle_gutenberg_block_has_review":false,"footnotes":""},"class_list":["post-794","page","type-page","status-publish","hentry"],"uagb_featured_image_src":{"full":false,"thumbnail":false,"medium":false,"medium_large":false,"large":false,"1536x1536":false,"2048x2048":false},"uagb_author_info":{"display_name":"davidefornari","author_link":"https:\/\/secure.skokka.com\/es\/author\/davidefornari\/"},"uagb_comment_info":0,"uagb_excerpt":"La compa\u00f1\u00eda SOFYAN LIMITED, con domicilio social en Amathus Avenue, 4532 Agios Tychonas, Limassol, Chipre, N\u00famero de registro: HE 445193 (en adelante \u00abSofyan\u00bb o la \u00abCompa\u00f1\u00eda\u00ab), en su calidad de controlador de datos con respecto a los Datos personales recopilados en el sitio web (en lo sucesivo tambi\u00e9n denominado el \u00abSitio\u00ab), presta la m\u00e1xima atenci\u00f3n&hellip;","_links":{"self":[{"href":"https:\/\/secure.skokka.com\/es\/wp-json\/wp\/v2\/pages\/794","targetHints":{"allow":["GET"]}}],"collection":[{"href":"https:\/\/secure.skokka.com\/es\/wp-json\/wp\/v2\/pages"}],"about":[{"href":"https:\/\/secure.skokka.com\/es\/wp-json\/wp\/v2\/types\/page"}],"author":[{"embeddable":true,"href":"https:\/\/secure.skokka.com\/es\/wp-json\/wp\/v2\/users\/2"}],"replies":[{"embeddable":true,"href":"https:\/\/secure.skokka.com\/es\/wp-json\/wp\/v2\/comments?post=794"}],"version-history":[{"count":8,"href":"https:\/\/secure.skokka.com\/es\/wp-json\/wp\/v2\/pages\/794\/revisions"}],"predecessor-version":[{"id":810,"href":"https:\/\/secure.skokka.com\/es\/wp-json\/wp\/v2\/pages\/794\/revisions\/810"}],"wp:attachment":[{"href":"https:\/\/secure.skokka.com\/es\/wp-json\/wp\/v2\/media?parent=794"}],"curies":[{"name":"wp","href":"https:\/\/api.w.org\/{rel}","templated":true}]}}