{"id":791,"date":"2024-10-29T14:06:50","date_gmt":"2024-10-29T14:06:50","guid":{"rendered":"https:\/\/secure.skokka.com\/es\/?page_id=791"},"modified":"2024-10-30T09:52:57","modified_gmt":"2024-10-30T09:52:57","slug":"politica-de-cookies","status":"publish","type":"page","link":"https:\/\/secure.skokka.com\/es\/politica-de-cookies\/","title":{"rendered":"Pol\u00edtica de cookies"},"content":{"rendered":"\n<p>Este sitio utiliza cookies y tecnolog\u00edas similares para garantizar su correcto funcionamiento, mejorar la experiencia de navegaci\u00f3n del usuario y recopilar informaci\u00f3n sobre el n\u00famero de sus visitantes y c\u00f3mo utilizan el sitio.&nbsp;<\/p>\n\n\n\n<p>Esta pol\u00edtica (en adelante \u00ab<strong>Pol\u00edtica de Cookies<\/strong>\u00ab) proporciona informaci\u00f3n detallada sobre el uso de cookies y tecnolog\u00edas similares, c\u00f3mo se utilizan dentro de este sitio y c\u00f3mo se gestionan.<\/p>\n\n\n\n<p>El uso de cookies por parte de SOFYAN LIMITED, con domicilio social en Amathus Avenue, 4532 Agios Tychonas, Limassol, Chipre, N\u00famero de registro: HE 445193 complementa la <a href=\"https:\/\/secure.skokka.com\/es\/politica-de-privacidad-de-conformidad-con-el-art-13-del-reglamento-ue-679-2016-gdpr\/\">Pol\u00edtica de Privacidad<\/a>  de este sitio al que nos referimos.<\/p>\n\n\n\n<ol class=\"wp-block-list\">\n<li><strong>Responsable del tratamiento<\/strong><\/li>\n<\/ol>\n\n\n\n<p>SOFYAN LIMITED, con domicilio social en Amathus Avenue, 4532 Agios Tychonas, Limassol, Chipre, N\u00famero de Registro: HE 445193 (en adelante, el \u00abControlador de datos\u00bb), act\u00faa como controlador de datos. Puede contactar con el Responsable del tratamiento por correo electr\u00f3nico en <a href=\"mailto:privacy.secure@skokka.com\">privacy.secure@skokka.com<\/a>.<\/p>\n\n\n\n<ol class=\"wp-block-list\">\n<li><strong>\u00bfQu\u00e9 son las cookies?<\/strong><\/li>\n<\/ol>\n\n\n\n<p>Las cookies son peque\u00f1os archivos de texto que contienen \u00abpaquetes\u00bb de informaci\u00f3n creados por un servidor y almacenados en el dispositivo de un visitante del sitio web cada vez que visita ese sitio. Posteriormente, cada vez que el visitante regresa a ese sitio utilizando el mismo dispositivo, su navegador (como Google Chrome, Safari, Microsoft Edge, etc.) env\u00eda esas cookies al sitio web que las origin\u00f3 o a otros sitios para que puedan utilizar la informaci\u00f3n contenida en las cookies para lograr diversos fines como, por ejemplo,&nbsp; facilitar la navegaci\u00f3n, mejorar la funcionalidad y el dise\u00f1o del sitio, realizar un seguimiento de las acciones que el visitante realiza en el sitio para presentarle mensajes publicitarios personalizados en funci\u00f3n de sus gustos y preferencias.<\/p>\n\n\n\n<ol class=\"wp-block-list\">\n<li><strong>\u00bfC\u00f3mo se pueden clasificar las cookies<\/strong>?&nbsp;<\/li>\n<\/ol>\n\n\n\n<p>Las cookies se pueden clasificar de varias maneras dependiendo de si se considera su propietario (u operador), la finalidad a la que sirven o su respectiva duraci\u00f3n.<\/p>\n\n\n\n<ol class=\"wp-block-list\">\n<li><strong>De acuerdo con el propietario u operador correspondiente<\/strong><\/li>\n<\/ol>\n\n\n\n<p>En primer lugar, las cookies se pueden dividir en dos grandes categor\u00edas en funci\u00f3n de si son instaladas en el sitio que est\u00e1 visitando por el propietario del sitio (\u00ab<strong>Cookies de origen<\/strong>\u00bb) o por terceros fuera del sitio (\u00ab<strong>Cookies de terceros<\/strong>\u00bb).&nbsp;<\/p>\n\n\n\n<p>La gesti\u00f3n y la responsabilidad de las cookies de origen son asumidas directamente por el Propietario del Sitio, mientras que la gesti\u00f3n y la responsabilidad de las cookies de terceros recaen en los respectivos propietarios y operadores, que deben proporcionar mecanismos de exclusi\u00f3n adecuados en sus pol\u00edticas de privacidad.&nbsp;<\/p>\n\n\n\n<ol class=\"wp-block-list\">\n<li><strong>De acuerdo con el prop\u00f3sito<\/strong><\/li>\n<\/ol>\n\n\n\n<p>Dependiendo de la finalidad prevista, las cookies pueden subdividirse en:<\/p>\n\n\n\n<ul class=\"wp-block-list\">\n<li><strong>Cookies t\u00e9cnicas: <\/strong>son necesarias para garantizar la navegaci\u00f3n y el uso normal del sitio (definidas espec\u00edficamente como cookies de \u00ab<strong>navegaci\u00f3n<\/strong>\u00bb o de \u00ab<strong>sesi\u00f3n<\/strong>\u00ab) o para permitir al usuario navegar seg\u00fan un conjunto de criterios seleccionados (por ejemplo, el idioma del sitio) para mejorar el servicio prestado al usuario (\u00ab<strong>cookies de funcionalidad<\/strong>\u00ab). &nbsp;<\/li>\n<\/ul>\n\n\n\n<p><strong>En el caso de las cookies t\u00e9cnicas propias, no se requiere el consentimiento previo del usuario para su uso<\/strong>, pero el usuario es libre de eliminarlas del navegador.&nbsp;<\/p>\n\n\n\n<ul class=\"wp-block-list\">\n<li><strong>Cookies anal\u00edticas<\/strong>: recopilan informaci\u00f3n sobre el n\u00famero de usuarios y c\u00f3mo utilizan el sitio (por ejemplo, qu\u00e9 p\u00e1ginas se visitan con m\u00e1s frecuencia).&nbsp;<\/li>\n<\/ul>\n\n\n\n<p><strong>Las cookies anal\u00edticas propias se asimilan a las cookies t\u00e9cnicas propias, por lo que no es necesario el consentimiento previo del usuario para su uso.&nbsp;<\/strong><\/p>\n\n\n\n<p><strong>Las cookies anal\u00edticas de terceros, por otro lado, no requieren consentimiento previo solo si: i) tienen un poder reducido para identificar al usuario y, ii) el propietario\/operador de terceros se ha comprometido a trav\u00e9s de restricciones contractuales espec\u00edficas a no cruzar los datos recopilados a trav\u00e9s de la cookie con otra informaci\u00f3n que ya est\u00e9 disponible para ellos.<\/strong><\/p>\n\n\n\n<ul class=\"wp-block-list\">\n<li><strong>Cookies de creaci\u00f3n de perfiles: <\/strong>tienen como objetivo la creaci\u00f3n de perfiles del usuario y se utilizan para enviar mensajes publicitarios de acuerdo con las preferencias del usuario al navegar por la web.&nbsp;<\/li>\n<\/ul>\n\n\n\n<p><strong>Tanto para las cookies de creaci\u00f3n de perfiles propias como para las de terceros, se requiere el consentimiento previo para su uso.<\/strong><\/p>\n\n\n\n<ol class=\"wp-block-list\">\n<li><strong>Seg\u00fan la duraci\u00f3n<\/strong><\/li>\n<\/ol>\n\n\n\n<p>Por \u00faltimo, las cookies pueden tener una duraci\u00f3n variable, en funci\u00f3n de las necesidades que persigan. En particular, pueden eliminarse autom\u00e1ticamente del dispositivo del usuario, al cerrar el navegador (\u00ab<strong>cookies de sesi\u00f3n<\/strong>\u00bb), o permanecer almacenadas hasta una fecha de caducidad predefinida, que puede corresponder a minutos, d\u00edas, a\u00f1os (\u00ab<strong>cookies persistentes<\/strong>\u00bb).<\/p>\n\n\n\n<ol class=\"wp-block-list\">\n<li><strong>\u00bfC\u00f3mo doy mi consentimiento para el uso de cookies y c\u00f3mo lo revoco para desactivarlas?<\/strong><\/li>\n<\/ol>\n\n\n\n<p>Las cookies t\u00e9cnicas y anal\u00edticas de terceros, as\u00ed como las cookies de creaci\u00f3n de perfiles propias y de terceros, est\u00e1n sujetas a la recopilaci\u00f3n del consentimiento del usuario. Es posible expresar su consentimiento para el uso de estas cookies de forma simplificada siguiendo las instrucciones dadas en el banner informativo que aparece al acceder por primera vez a este sitio haciendo clic en el bot\u00f3n \u00abAcepto\u00bb dentro del banner .&nbsp;<\/p>\n\n\n\n<p>En el siguiente p\u00e1rrafo, que enumera todas las cookies utilizadas por este sitio web, existe la posibilidad de revocar el consentimiento individualmente para cada cookie marcando la casilla correspondiente \u00abOpt out\u00bb para cada cookie de origen. En el caso de las cookies de terceros, si esta opci\u00f3n no est\u00e1 disponible, es posible oponerse a su uso siguiendo las instrucciones adecuadas de la pol\u00edtica de cookies correspondiente, cuyo enlace se proporciona convenientemente.&nbsp;<\/p>\n\n\n\n<p>Sin embargo, tenga en cuenta que si desactiva una o m\u00e1s cookies t\u00e9cnicas, es posible que el sitio no funcione correctamente o que ya no pueda utilizar algunas de sus funciones o servicios.<\/p>\n\n\n\n<p>Por \u00faltimo, es posible gestionar las preferencias de cookies a trav\u00e9s de las preferencias del navegador utilizado (por ejemplo, Google Chrome, Safari, Microsoft Edge, etc.) para evitar su instalaci\u00f3n o eliminar las cookies instaladas en el pasado, incluida la cookie en la que se almacena el consentimiento para la instalaci\u00f3n de cookies por parte de este sitio (en cuyo caso, en la pr\u00f3xima visita al sitio,&nbsp; El banner de informaci\u00f3n de cookies volver\u00e1 a aparecer y ser\u00e1 necesario que tenga un nuevo consentimiento). Puede encontrar informaci\u00f3n sobre c\u00f3mo gestionar las cookies a trav\u00e9s de los navegadores m\u00e1s populares en las siguientes direcciones:&nbsp;<\/p>\n\n\n\n<ul class=\"wp-block-list\">\n<li>Configuraci\u00f3n de cookies en Internet Explorer\/Edge\n<ul class=\"wp-block-list\">\n<li><a href=\"https:\/\/support.microsoft.com\/en-us\/windows\/manage-cookies-in-microsoft-edge-view-allow-block-delete-and-use-168dab11-0753-043d-7c16-ede5947fc64d\">https:\/\/support.microsoft.com\/en-us\/windows\/manage-cookies-in-microsoft-edge-view-allow-block-delete-and-use-168dab11-0753-043d-7c16-ede5947fc64d<\/a><\/li>\n<\/ul>\n<\/li>\n\n\n\n<li>Configuraci\u00f3n de cookies en Firefox\n<ul class=\"wp-block-list\">\n<li><a href=\"https:\/\/support.mozilla.org\/en-US\/kb\/cookies-information-websites-store-on-your-computer\">https:\/\/support.mozilla.org\/en-US\/kb\/cookies-information-websites-store-on-your-computer<\/a><\/li>\n<\/ul>\n<\/li>\n\n\n\n<li>Configuraci\u00f3n de cookies en Chrome\n<ul class=\"wp-block-list\">\n<li><a href=\"https:\/\/policies.google.com\/technologies\/cookies\">https:\/\/policies.google.com\/technologies\/cookies<\/a><\/li>\n<\/ul>\n<\/li>\n\n\n\n<li>Configuraci\u00f3n de cookies en Safari\n<ul class=\"wp-block-list\">\n<li><a href=\"https:\/\/www.apple.com\/legal\/privacy\/en-ww\/cookies\/\">https:\/\/www.apple.com\/legal\/privacy\/en-ww\/cookies\/<\/a><\/li>\n<\/ul>\n<\/li>\n\n\n\n<li>iOS\n<ul class=\"wp-block-list\">\n<li><a href=\"https:\/\/www.apple.com\/legal\/privacy\/en-ww\/cookies\/\">https:\/\/www.apple.com\/legal\/privacy\/en-ww\/cookies\/<\/a><\/li>\n<\/ul>\n<\/li>\n\n\n\n<li>Android\n<ul class=\"wp-block-list\">\n<li><a href=\"https:\/\/support.google.com\/chrome\/answer\/95647?hl=en&amp;co=GENIE.Platform%253DAndroid\">https:\/\/support.google.com\/chrome\/answer\/95647<\/a><\/li>\n<\/ul>\n<\/li>\n<\/ul>\n\n\n\n<ol class=\"wp-block-list\">\n<li><strong>\u00bfQu\u00e9 cookies utiliza este sitio?<\/strong><\/li>\n<\/ol>\n\n\n\n<p>A continuaci\u00f3n se proporciona una lista y la descripci\u00f3n de las cookies utilizadas por el sitio<\/p>\n\n\n\n<ol class=\"wp-block-list\">\n<li>Cookies t\u00e9cnicas de origen<\/li>\n<\/ol>\n\n\n\n<figure class=\"wp-block-table\"><table><tbody><tr><td><strong>Nombre de la cookie<\/strong>: daextlwcnf-accepted<\/td><\/tr><tr><td><strong>Funci\u00f3n<\/strong>: Se utiliza para comprobar si un usuario ha aceptado el uso de cookies en un sitio web.<\/td><\/tr><tr><td><strong>Proveedor<\/strong>: DAEXT Plugin<\/td><\/tr><tr><td><strong>Pol\u00edtica de cookies<\/strong>: <a href=\"https:\/\/daext.com\/privacy-policy\/#cookies-policy\">https:\/\/daext.com\/privacy-policy\/#cookies-policy<\/a><\/td><\/tr><tr><td><strong>Datos personales recopilados<\/strong>: No se recopilan datos personales.<br><br><strong>Valores:<\/strong><br><strong>1<\/strong>: Representa el consentimiento de la cookie.<br><\/td><\/tr><tr><td><strong>Duraci\u00f3n de la cookie<\/strong>: 1 a\u00f1o<\/td><\/tr><tr><td><strong>Datos enviados a<\/strong>: Datos no enviados.<\/td><\/tr><\/tbody><\/table><\/figure>\n\n\n\n<ol class=\"wp-block-list\">\n<li>Cookies anal\u00edticas de terceros<\/li>\n<\/ol>\n\n\n\n<ul class=\"wp-block-list\">\n<li>Cookies suministradas por Google Analytics&nbsp;<\/li>\n<\/ul>\n\n\n\n<figure class=\"wp-block-table\"><table><tbody><tr><td><strong>Nombre de la cookie&nbsp;<\/strong><\/td><td><strong>Funci\u00f3n<\/strong><\/td><td><strong>Datos personales recopilados&nbsp;<\/strong><\/td><td><strong>Duraci\u00f3n<\/strong><\/td><\/tr><tr><td>_ga<\/td><td>Se utiliza para rastrear el comportamiento del usuario en un sitio web, ayuda a comprender c\u00f3mo interact\u00faan los usuarios con el sitio y a realizar mejoras en \u00e9l.<\/td><td>No se recogen datos personales.<br><br><strong>Valores:<\/strong> <strong>GA1.2<\/strong>: Indica el formato y la versi\u00f3n de la cookie. <strong>197838317<\/strong>: Se trata de un ID de cliente generado aleatoriamente que ayuda a Google Analytics a distinguir a un usuario de otro. <strong>1726477673<\/strong>: Representa la marca de tiempo de cu\u00e1ndo se cre\u00f3 o actualiz\u00f3 la cookie por \u00faltima vez.<\/td><td>1 a\u00f1o<\/td><\/tr><tr><td>_ga_8GSNLSQ715<\/td><td>es una variante de la cookie \u00ab_ga\u00bb que puede contener informaci\u00f3n adicional o configuraciones espec\u00edficas de un sitio web o usuario en particular.<\/td><td>No se recogen datos personales.<br><br><strong>Valores:<\/strong> <strong>GS1.1<\/strong>: Indica el formato y la versi\u00f3n de la cookie. <strong>1726477672<\/strong>: Se trata de una marca de tiempo que indica cu\u00e1ndo se cre\u00f3 o se actualiz\u00f3 por \u00faltima vez la cookie. <strong>1<\/strong>: Esto puede indicar el n\u00famero de sesi\u00f3n. <strong>0<\/strong>: A menudo representa un recuento de visitas en la sesi\u00f3n. <strong>1726477672<\/strong>: Esta es otra marca de tiempo, posiblemente indicando la hora de inicio de la sesi\u00f3n. <strong>60<\/strong>: Puede ser un contador o un valor relacionado con el tiempo. <strong>0<\/strong>: Es probable que se trate de contadores o indicadores adicionales para casos de uso espec\u00edficos. <strong>0<\/strong>: Otro contador o bandera.<\/td><td>1 a\u00f1o<\/td><\/tr><tr><td>_gat_UA-37938409-1<\/td><td>Se utiliza para limitar la recopilaci\u00f3n de datos en sitios de alto tr\u00e1fico, se utiliza para regular la velocidad a la que se env\u00edan los datos al servidor de Google Analytics.<\/td><td>No se recogen datos personales.<br><br><strong>Valores:<\/strong> <strong>1<\/strong>: Se trata de un indicador o contador utilizado internamente por Google Analytics para gestionar la tasa de solicitudes, que suele indicar que el acelerador est\u00e1 activo.<\/td><td>1 minuto<\/td><\/tr><tr><td>_gid<\/td><td>Se utiliza para distinguir a los usuarios y rastrear su comportamiento en un sitio web, ayuda a generar datos estad\u00edsticos sobre c\u00f3mo interact\u00faan los usuarios con el sitio.<\/td><td>No se recogen datos personales.<br><br><strong>Valores:<\/strong> <strong>GA1.2<\/strong>: Indica el formato y la versi\u00f3n de la cookie. <strong>1975203369<\/strong>: Se trata de un ID de cliente generado aleatoriamente que ayuda a Google Analytics a distinguir a un usuario de otro. <strong>1726477673<\/strong>: Representa la marca de tiempo de cu\u00e1ndo se cre\u00f3 o actualiz\u00f3 la cookie por \u00faltima vez.<\/td><td>24 horas<\/td><\/tr><tr><td colspan=\"4\"><strong>Mecanismo de desactivaci\u00f3n\/inhabilitaci\u00f3n para todas las cookies de Google Analitycs:&nbsp; <\/strong>\u25a1<\/td><\/tr><\/tbody><\/table><\/figure>\n\n\n\n<p>Los datos recopilados por las cookies de Google Analytics se env\u00edan normalmente a los servidores de Google, que se distribuyen por todo el mundo. Sin embargo, los centros de datos principales se encuentran en los Estados Unidos. Google tambi\u00e9n puede procesar datos en otros pa\u00edses donde tiene centros de datos, que incluyen ubicaciones en Europa, Asia y otras regiones.<\/p>\n\n\n\n<p>Y se procesan de conformidad con las normas UE-EE. UU. y Suiza-EE. UU. Marcos del Escudo de Privacidad, as\u00ed como otras leyes de protecci\u00f3n de datos relevantes.<\/p>\n\n\n\n<p>Puede encontrar la pol\u00edtica de privacidad de este conjunto de cookies en el siguiente enlace <a href=\"https:\/\/policies.google.com\/privacy?hl=en#infocollect\">https:\/\/policies.google.com\/privacy?hl=en#infocollect<\/a><\/p>\n\n\n\n<ol class=\"wp-block-list\">\n<li><strong>Duraci\u00f3n del tratamiento<\/strong><\/li>\n<\/ol>\n\n\n\n<p>En la secci\u00f3n 5 anterior se especifica la duraci\u00f3n de cada cookie instalada en el dispositivo del usuario. Para las cookies de terceros para las que no se ha podido determinar la duraci\u00f3n, consulte la pol\u00edtica de cookies correspondiente.&nbsp;<\/p>\n\n\n\n<ol class=\"wp-block-list\">\n<li><strong>\u00bfCu\u00e1les son sus derechos en relaci\u00f3n con el tratamiento de datos personales?<\/strong><\/li>\n<\/ol>\n\n\n\n<p>Puede ejercer sus derechos en virtud del art\u00edculo 12.2 del Reglamento (UE) n.\u00ba 679\/2016 (el denominado \u00abRGPD\u00bb) en cualquier momento. En particular, tiene derecho a:<\/p>\n\n\n\n<ol class=\"wp-block-list\">\n<li>obtener la confirmaci\u00f3n de la existencia o de cualquier otro tipo de datos personales que le conciernen, obtener acceso a ellos, ser informado de su contenido y fuente y obtener una copia de los mismos (art. 15 del RGPD &#8211; <strong>Derecho de acceso<\/strong>);<\/li>\n\n\n\n<li>solicitar la rectificaci\u00f3n de sus datos personales inexactos o la integraci\u00f3n de datos incompletos (art. 16 del RGPD &#8211; <strong>Derecho de rectificaci\u00f3n<\/strong>);<\/li>\n\n\n\n<li>obtener la supresi\u00f3n de sus datos personales si concurre uno de los motivos previstos en el RGPD (art. 17 del RGPD &#8211; <strong>Derecho de supresi\u00f3n<\/strong>);<\/li>\n\n\n\n<li>solicitud de limitaci\u00f3n del tratamiento solo a determinados datos personales, si existe uno de los motivos previstos en el Reglamento (art. 18 del RGPD &#8211; <strong>Derecho a la limitaci\u00f3n del tratamiento<\/strong>);<\/li>\n\n\n\n<li>si tratamos sus datos personales por medios automatizados sobre la base del consentimiento o del contrato, a solicitar recibir sus datos personales en un formato estructurado, de uso com\u00fan y legible por m\u00e1quina o a solicitar su transmisi\u00f3n a otro responsable del tratamiento sin obst\u00e1culos (art. 20 del RGPD &#8211; <strong>Derecho a la portabilidad<\/strong>);<\/li>\n\n\n\n<li>oponerse total o parcialmente al tratamiento de sus datos personales (art. 21 del RGPD &#8211; <strong>Derecho de oposici\u00f3n<\/strong>);<\/li>\n\n\n\n<li>revocar su consentimiento para el tratamiento en cualquier momento si se basa en su consentimiento, sin perjuicio de la licitud del tratamiento correspondiente hasta el momento de la revocaci\u00f3n (art. 7, apartado 3 del RGPD &#8211; <strong>Derecho a revocar el consentimiento<\/strong>). &nbsp;<\/li>\n<\/ol>\n\n\n\n<p>Puede ejercer estos derechos enviando una comunicaci\u00f3n precisa a las direcciones enumeradas en el p\u00e1rrafo 1 anterior.<\/p>\n\n\n\n<p>Adem\u00e1s, siempre tiene derecho a presentar una reclamaci\u00f3n ante la Autoridad de Protecci\u00f3n de Datos, a la que puede dirigirse en: <a href=\"http:\/\/www.dataprotection.gov.cy\"><strong>http:\/\/www.dataprotection.gov.cy<\/strong><\/a> .&nbsp;<\/p>\n","protected":false},"excerpt":{"rendered":"<p>Este sitio utiliza cookies y tecnolog\u00edas similares para garantizar su correcto funcionamiento, mejorar la experiencia de navegaci\u00f3n del usuario y recopilar informaci\u00f3n sobre el n\u00famero de sus visitantes y c\u00f3mo utilizan el sitio.&nbsp; Esta pol\u00edtica (en adelante \u00abPol\u00edtica de Cookies\u00ab) proporciona informaci\u00f3n detallada sobre el uso de cookies y tecnolog\u00edas similares, c\u00f3mo se utilizan dentro [&hellip;]<\/p>\n","protected":false},"author":2,"featured_media":0,"parent":0,"menu_order":0,"comment_status":"closed","ping_status":"closed","template":"","meta":{"_uag_custom_page_level_css":"","_themeisle_gutenberg_block_has_review":false,"footnotes":""},"class_list":["post-791","page","type-page","status-publish","hentry"],"uagb_featured_image_src":{"full":false,"thumbnail":false,"medium":false,"medium_large":false,"large":false,"1536x1536":false,"2048x2048":false},"uagb_author_info":{"display_name":"davidefornari","author_link":"https:\/\/secure.skokka.com\/es\/author\/davidefornari\/"},"uagb_comment_info":0,"uagb_excerpt":"Este sitio utiliza cookies y tecnolog\u00edas similares para garantizar su correcto funcionamiento, mejorar la experiencia de navegaci\u00f3n del usuario y recopilar informaci\u00f3n sobre el n\u00famero de sus visitantes y c\u00f3mo utilizan el sitio.&nbsp; Esta pol\u00edtica (en adelante \u00abPol\u00edtica de Cookies\u00ab) proporciona informaci\u00f3n detallada sobre el uso de cookies y tecnolog\u00edas similares, c\u00f3mo se utilizan dentro&hellip;","_links":{"self":[{"href":"https:\/\/secure.skokka.com\/es\/wp-json\/wp\/v2\/pages\/791","targetHints":{"allow":["GET"]}}],"collection":[{"href":"https:\/\/secure.skokka.com\/es\/wp-json\/wp\/v2\/pages"}],"about":[{"href":"https:\/\/secure.skokka.com\/es\/wp-json\/wp\/v2\/types\/page"}],"author":[{"embeddable":true,"href":"https:\/\/secure.skokka.com\/es\/wp-json\/wp\/v2\/users\/2"}],"replies":[{"embeddable":true,"href":"https:\/\/secure.skokka.com\/es\/wp-json\/wp\/v2\/comments?post=791"}],"version-history":[{"count":2,"href":"https:\/\/secure.skokka.com\/es\/wp-json\/wp\/v2\/pages\/791\/revisions"}],"predecessor-version":[{"id":808,"href":"https:\/\/secure.skokka.com\/es\/wp-json\/wp\/v2\/pages\/791\/revisions\/808"}],"wp:attachment":[{"href":"https:\/\/secure.skokka.com\/es\/wp-json\/wp\/v2\/media?parent=791"}],"curies":[{"name":"wp","href":"https:\/\/api.w.org\/{rel}","templated":true}]}}