{"id":432,"date":"2024-05-21T09:01:39","date_gmt":"2024-05-21T09:01:39","guid":{"rendered":"https:\/\/secure.skokka.com\/es\/?page_id=432"},"modified":"2024-06-06T07:39:58","modified_gmt":"2024-06-06T07:39:58","slug":"denunciar-fraude-anunciantes","status":"publish","type":"page","link":"https:\/\/secure.skokka.com\/es\/denunciar-fraude-anunciantes\/","title":{"rendered":"Denunciar fraude para anunciantes"},"content":{"rendered":"\n<div class=\"wpcf7 no-js\" id=\"wpcf7-f428-o1\" lang=\"en-US\" dir=\"ltr\" data-wpcf7-id=\"428\">\n<div class=\"screen-reader-response\"><p role=\"status\" aria-live=\"polite\" aria-atomic=\"true\"><\/p> <ul><\/ul><\/div>\n<form action=\"\/es\/wp-json\/wp\/v2\/pages\/432#wpcf7-f428-o1\" method=\"post\" class=\"wpcf7-form init\" aria-label=\"Contact form\" enctype=\"multipart\/form-data\" novalidate=\"novalidate\" data-status=\"init\">\n<fieldset class=\"hidden-fields-container\"><input type=\"hidden\" name=\"_wpcf7\" value=\"428\" \/><input type=\"hidden\" name=\"_wpcf7_version\" value=\"6.1.3\" \/><input type=\"hidden\" name=\"_wpcf7_locale\" value=\"en_US\" \/><input type=\"hidden\" name=\"_wpcf7_unit_tag\" value=\"wpcf7-f428-o1\" \/><input type=\"hidden\" name=\"_wpcf7_container_post\" value=\"0\" \/><input type=\"hidden\" name=\"_wpcf7_posted_data_hash\" value=\"\" \/>\n<\/fieldset>\n<div class=\"report-scam-p1\">\n\t<p class=\"mg-b-0\"><span class=\"wpcf7-form-control-wrap\" data-name=\"incident-option\"><span class=\"wpcf7-form-control wpcf7-radio option-bold\"><span class=\"wpcf7-list-item first last\"><label><input type=\"radio\" name=\"incident-option\" value=\"Falsos agentes de Soporte\" \/><span class=\"wpcf7-list-item-label\">Falsos agentes de Soporte<\/span><\/label><\/span><\/span><\/span>\n\t<\/p>\n\t<dd>\n\t\t<p class=\"mg-t-0\">Estos estafadores suelen utilizar WhatsApp para ponerse en contacto con los anunciantes del sitio y hacer falsas afirmaciones de que su perfil est\u00e1 recibiendo quejas... <a target=\"_blank\" href=\"\/es\/falsos-agentes-de-soporte\/\">leer m\u00e1s<\/a>\n\t\t<\/p>\n\t<\/dd>\n\t<p class=\"mg-b-0\"><span class=\"wpcf7-form-control-wrap\" data-name=\"incident-option\"><span class=\"wpcf7-form-control wpcf7-radio option-bold\"><span class=\"wpcf7-list-item first last\"><label><input type=\"radio\" name=\"incident-option\" value=\"Atenci\u00f3n al cliente \u2013 oferta de promociones\" \/><span class=\"wpcf7-list-item-label\">Atenci\u00f3n al cliente \u2013 oferta de promociones<\/span><\/label><\/span><\/span><\/span>\n\t<\/p>\n\t<dd>\n\t\t<p class=\"mg-t-0\">Este tipo de estafa suele llevarse a cabo a trav\u00e9s de WhatsApp donde el estafador se hace pasar por un representante de Skokka y contacta a los anunciantes ofreciendo una supuesta... <a target=\"_blank\" href=\"\/es\/atencion-al-cliente-oferta-de-promociones\/\">leer m\u00e1s<\/a>\n\t\t<\/p>\n\t<\/dd>\n\t<p class=\"mg-b-0\"><span class=\"wpcf7-form-control-wrap\" data-name=\"incident-option\"><span class=\"wpcf7-form-control wpcf7-radio option-bold\"><span class=\"wpcf7-list-item first last\"><label><input type=\"radio\" name=\"incident-option\" value=\"Falsos vendedores de Skokka\" \/><span class=\"wpcf7-list-item-label\">Falsos vendedores de Skokka<\/span><\/label><\/span><\/span><\/span>\n\t<\/p>\n\t<dd>\n\t\t<p class=\"mg-t-0\">En este fraude el estafador se pone en contacto con el anunciante a trav\u00e9s de WhatsApp, haci\u00e9ndose pasar por un vendedor de Skokka y afirma haber notado una disminuci\u00f3n en las visualizaciones... <a target=\"_blank\" href=\"\/es\/falsos-vendedores-de-skokka\/\">leer m\u00e1s<\/a>\n\t\t<\/p>\n\t<\/dd>\n\t<p><span class=\"wpcf7-form-control-wrap\" data-name=\"incident-option\"><span class=\"wpcf7-form-control wpcf7-radio option-bold\"><span class=\"wpcf7-list-item first last\"><label><input type=\"radio\" name=\"incident-option\" value=\"Otro\" checked=\"checked\" \/><span class=\"wpcf7-list-item-label\">Otro<\/span><\/label><\/span><\/span><\/span>\n\t<\/p>\n\t<dd>\n\t\t<p><span class=\"wpcf7-form-control-wrap\" data-name=\"incident-description\"><textarea cols=\"40\" rows=\"10\" maxlength=\"2000\" class=\"wpcf7-form-control wpcf7-textarea\" aria-invalid=\"false\" placeholder=\"Describa el acontecimiento\" name=\"incident-description\"><\/textarea><\/span>\n\t\t<\/p>\n\t<\/dd>\n\t<p><button role=\"button\" class=\"report-scam-continue\">Continuar<\/button>\n\t<\/p>\n<\/div>\n<div class=\"report-scam-p2\" style=\"display:none; opacity:0;\">\n\t<p><span class=\"wpcf7-form-control-wrap\" data-name=\"reporter-email\"><input size=\"40\" maxlength=\"400\" class=\"wpcf7-form-control wpcf7-email wpcf7-validates-as-required wpcf7-text wpcf7-validates-as-email\" aria-required=\"true\" aria-invalid=\"false\" placeholder=\"Inserte su correo electr\u00f3nico\" value=\"\" type=\"email\" name=\"reporter-email\" \/><\/span>\n\t<\/p>\n\t<p><span class=\"wpcf7-form-control-wrap\" data-name=\"reporter-tel\"><input size=\"40\" maxlength=\"400\" class=\"wpcf7-form-control wpcf7-tel wpcf7-text wpcf7-validates-as-tel\" aria-invalid=\"false\" placeholder=\"Inserte su n\u00famero de tel\u00e9fono\" value=\"\" type=\"tel\" name=\"reporter-tel\" \/><\/span>\n\t<\/p>\n\t<p><span class=\"wpcf7-form-control-wrap\" data-name=\"reporter-country\"><select class=\"wpcf7-form-control wpcf7-select wpcf7-validates-as-required reporter-country\" aria-required=\"true\" aria-invalid=\"false\" name=\"reporter-country\"><option value=\"Argentina\">Argentina<\/option><option value=\"Bolivia\">Bolivia<\/option><option value=\"Chile\">Chile<\/option><option value=\"Colombia\">Colombia<\/option><option value=\"Costa Rica\">Costa Rica<\/option><option value=\"Rep\u00fablica Dominicana\">Rep\u00fablica Dominicana<\/option><option value=\"Ecuador\">Ecuador<\/option><option value=\"Guatemala\">Guatemala<\/option><option value=\"M\u00e9xico\">M\u00e9xico<\/option><option value=\"Panam\u00e1\">Panam\u00e1<\/option><option value=\"Paraguay\">Paraguay<\/option><option value=\"Per\u00fa\">Per\u00fa<\/option><option value=\"Espa\u00f1a\">Espa\u00f1a<\/option><option value=\"Uruguay\">Uruguay<\/option><option value=\"Venezuela\">Venezuela<\/option><\/select><\/span><br \/>\n<span class=\"wpcf7-form-control-wrap\" data-name=\"report-to\"><input size=\"40\" maxlength=\"400\" class=\"wpcf7-form-control wpcf7-email wpcf7-validates-as-required wpcf7-text wpcf7-validates-as-email input-hidden\" aria-required=\"true\" aria-invalid=\"false\" value=\"\" type=\"email\" name=\"report-to\" \/><\/span>\n\t<\/p>\n\t<p><span class=\"wpcf7-form-control-wrap\" data-name=\"report-description\"><textarea cols=\"40\" rows=\"10\" maxlength=\"2000\" class=\"wpcf7-form-control wpcf7-textarea\" aria-invalid=\"false\" placeholder=\"Describa el acontecimiento (especifique la fecha, fuente, n\u00famero de tel\u00e9fono del estafador)\" name=\"report-description\"><\/textarea><\/span>\n\t<\/p>\n\t<p><span class=\"wpcf7-form-control-wrap\" data-name=\"report-url\"><input size=\"40\" maxlength=\"400\" class=\"wpcf7-form-control wpcf7-url wpcf7-text wpcf7-validates-as-url\" aria-invalid=\"false\" placeholder=\"Inserte la direcci\u00f3n de la publicaci\u00f3n\" value=\"\" type=\"url\" name=\"report-url\" \/><\/span>\n\t<\/p>\n\t<p><span class=\"wpcf7-form-control-wrap\" data-name=\"report-file\"><input size=\"40\" class=\"wpcf7-form-control wpcf7-file\" accept=\".jpg,.jpeg,.png\" aria-invalid=\"false\" type=\"file\" name=\"report-file\" \/><\/span>\n\t<\/p>\n\t<h4 class=\"mg-b-0\">\u00bfNecesita ayuda?\n\t<\/h4>\n\t<p class=\"mg-0\">\u00bfC\u00f3mo prefiere ser contactado?\n\t<\/p>\n\t<p class=\"mg-0\"><span class=\"wpcf7-form-control-wrap\" data-name=\"reporter-contact-channel\"><span class=\"wpcf7-form-control wpcf7-radio vertical-checklist\"><span class=\"wpcf7-list-item first last\"><label><input type=\"radio\" name=\"reporter-contact-channel\" value=\"Email\" checked=\"checked\" \/><span class=\"wpcf7-list-item-label\">Email<\/span><\/label><\/span><\/span><\/span>\n\t<\/p>\n\t<p class=\"mg-0\"><span class=\"wpcf7-form-control-wrap\" data-name=\"reporter-contact-channel\"><span class=\"wpcf7-form-control wpcf7-radio vertical-checklist\"><span class=\"wpcf7-list-item first last\"><label><input type=\"radio\" name=\"reporter-contact-channel\" value=\"Whatsapp\" \/><span class=\"wpcf7-list-item-label\">Whatsapp<\/span><\/label><\/span><\/span><\/span>\n\t<\/p>\n\t<dd style=\"display:none\" class=\"reporter-contact-channel-input-1\">\n\t\t<p><span class=\"wpcf7-form-control-wrap\" data-name=\"reporter-whatsapp\"><input size=\"40\" maxlength=\"400\" class=\"wpcf7-form-control wpcf7-text\" aria-invalid=\"false\" placeholder=\"Inserte su Whatsapp\" value=\"\" type=\"text\" name=\"reporter-whatsapp\" \/><\/span>\n\t\t<\/p>\n\t<\/dd>\n\t<p class=\"mg-0\"><span class=\"wpcf7-form-control-wrap\" data-name=\"reporter-contact-channel\"><span class=\"wpcf7-form-control wpcf7-radio vertical-checklist\"><span class=\"wpcf7-list-item first last\"><label><input type=\"radio\" name=\"reporter-contact-channel\" value=\"Telegram\" \/><span class=\"wpcf7-list-item-label\">Telegram<\/span><\/label><\/span><\/span><\/span>\n\t<\/p>\n\t<dd style=\"display:none\" class=\"reporter-contact-channel-input-2\">\n\t\t<p><span class=\"wpcf7-form-control-wrap\" data-name=\"reporter-telegram\"><input size=\"40\" maxlength=\"400\" class=\"wpcf7-form-control wpcf7-text\" aria-invalid=\"false\" placeholder=\"Inserte su Telegram\" value=\"\" type=\"text\" name=\"reporter-telegram\" \/><\/span>\n\t\t<\/p>\n\t<\/dd>\n\t<p><small>Estaremos a disposici\u00f3n de las autoridades policiales para proporcionar informaci\u00f3n relacionada con su informe, como n\u00fameros de tel\u00e9fono, direcciones IP y correos electr\u00f3nicos de los responsables del fraude.<\/small>\n\t<\/p>\n\t<p><input class=\"wpcf7-form-control wpcf7-submit has-spinner\" type=\"submit\" value=\"Enviar denuncia\" \/>\n\t<\/p>\n<\/div>\n\n<!-- CF7MSM -->\n<div style='display:none;'><input type=\"hidden\" name=\"_cf7msm_multistep_tag\" class=\"wpcf7-form-control wpcf7-multistep cf7msm-multistep\" value=\"{&quot;first_step&quot;:1,&quot;last_step&quot;:1,&quot;send_email&quot;:1,&quot;next_url&quot;:&quot;\/es\/denunciar-fraude-argentina&quot;}\" \/><input type=\"hidden\" name=\"cf7msm-no-ss\" value=\"\" \/>\n<\/div>\n<!-- End CF7MSM -->\n<p style=\"display: none !important;\" class=\"akismet-fields-container\" data-prefix=\"_wpcf7_ak_\"><label>&#916;<textarea name=\"_wpcf7_ak_hp_textarea\" cols=\"45\" rows=\"8\" maxlength=\"100\"><\/textarea><\/label><input type=\"hidden\" id=\"ak_js_1\" name=\"_wpcf7_ak_js\" value=\"91\"\/><script>document.getElementById( \"ak_js_1\" ).setAttribute( \"value\", ( new Date() ).getTime() );<\/script><\/p><div class=\"wpcf7-response-output\" aria-hidden=\"true\"><\/div>\n<\/form>\n<\/div>\n\n","protected":false},"excerpt":{"rendered":"","protected":false},"author":8,"featured_media":0,"parent":0,"menu_order":0,"comment_status":"closed","ping_status":"closed","template":"wp-custom-template-form","meta":{"_uag_custom_page_level_css":"","_themeisle_gutenberg_block_has_review":false,"footnotes":""},"class_list":["post-432","page","type-page","status-publish","hentry"],"uagb_featured_image_src":{"full":false,"thumbnail":false,"medium":false,"medium_large":false,"large":false,"1536x1536":false,"2048x2048":false},"uagb_author_info":{"display_name":"Gon\u00e7alo Sousa","author_link":"https:\/\/secure.skokka.com\/es\/author\/goncalo\/"},"uagb_comment_info":0,"uagb_excerpt":null,"_links":{"self":[{"href":"https:\/\/secure.skokka.com\/es\/wp-json\/wp\/v2\/pages\/432","targetHints":{"allow":["GET"]}}],"collection":[{"href":"https:\/\/secure.skokka.com\/es\/wp-json\/wp\/v2\/pages"}],"about":[{"href":"https:\/\/secure.skokka.com\/es\/wp-json\/wp\/v2\/types\/page"}],"author":[{"embeddable":true,"href":"https:\/\/secure.skokka.com\/es\/wp-json\/wp\/v2\/users\/8"}],"replies":[{"embeddable":true,"href":"https:\/\/secure.skokka.com\/es\/wp-json\/wp\/v2\/comments?post=432"}],"version-history":[{"count":10,"href":"https:\/\/secure.skokka.com\/es\/wp-json\/wp\/v2\/pages\/432\/revisions"}],"predecessor-version":[{"id":704,"href":"https:\/\/secure.skokka.com\/es\/wp-json\/wp\/v2\/pages\/432\/revisions\/704"}],"wp:attachment":[{"href":"https:\/\/secure.skokka.com\/es\/wp-json\/wp\/v2\/media?parent=432"}],"curies":[{"name":"wp","href":"https:\/\/api.w.org\/{rel}","templated":true}]}}