{"id":135,"date":"2024-05-16T07:19:56","date_gmt":"2024-05-16T07:19:56","guid":{"rendered":"https:\/\/secure.skokka.com\/?page_id=135"},"modified":"2024-06-15T10:33:38","modified_gmt":"2024-06-15T10:33:38","slug":"video","status":"publish","type":"page","link":"https:\/\/secure.skokka.com\/es\/video\/","title":{"rendered":"V\u00eddeo"},"content":{"rendered":"\n<div class=\"wp-block-group has-global-padding is-layout-constrained wp-block-group-is-layout-constrained\">\n<div class=\"wp-block-group has-global-padding is-layout-constrained wp-block-group-is-layout-constrained\">\n<p><strong>Bienvenido a nuestra p\u00e1gina de v\u00eddeos, donde encontrar\u00e1 recursos esenciales para reconocer y defenderse de estafas, amenazas, robos de identidad y extorsiones.\u00a0<\/strong><\/p>\n\n\n\n<p>Cada v\u00eddeo ofrece explicaciones detalladas y consejos pr\u00e1cticos para proteger su seguridad en l\u00ednea.&nbsp;<\/p>\n\n\n\n<p>\u00a1Inf\u00f3rmese, prevenga y act\u00fae con conciencia!<\/p>\n<\/div>\n\n\n\n<div class=\"wp-block-columns is-layout-flex wp-container-core-columns-is-layout-28f84493 wp-block-columns-is-layout-flex\">\n<div class=\"wp-block-column is-layout-flow wp-block-column-is-layout-flow\">\n<figure class=\"wp-block-embed is-type-video is-provider-youtube wp-block-embed-youtube wp-embed-aspect-16-9 wp-has-aspect-ratio\"><div class=\"wp-block-embed__wrapper\">\n<iframe loading=\"lazy\" title=\"Amenazas de Muerte en Skokka: Aprende a protegerte y den\u00fancia a los delincuentes\" width=\"500\" height=\"281\" src=\"https:\/\/www.youtube.com\/embed\/bOg2SHGd5No?feature=oembed\" frameborder=\"0\" allow=\"accelerometer; autoplay; clipboard-write; encrypted-media; gyroscope; picture-in-picture; web-share\" referrerpolicy=\"strict-origin-when-cross-origin\" allowfullscreen><\/iframe>\n<\/div><figcaption class=\"wp-element-caption\"><strong>SCAMS<\/strong><\/figcaption><\/figure>\n<\/div>\n\n\n\n<div class=\"wp-block-column is-layout-flow wp-block-column-is-layout-flow\">\n<figure class=\"wp-block-embed is-type-video is-provider-youtube wp-block-embed-youtube wp-embed-aspect-16-9 wp-has-aspect-ratio\"><div class=\"wp-block-embed__wrapper\">\n<iframe loading=\"lazy\" title=\"Skokka: Consejos para protegerse de fraudes y estafas, cuidado con los anticipos sospechosos.\" width=\"500\" height=\"281\" src=\"https:\/\/www.youtube.com\/embed\/gcpWK2D7qg0?feature=oembed\" frameborder=\"0\" allow=\"accelerometer; autoplay; clipboard-write; encrypted-media; gyroscope; picture-in-picture; web-share\" referrerpolicy=\"strict-origin-when-cross-origin\" allowfullscreen><\/iframe>\n<\/div><figcaption class=\"wp-element-caption\"><strong>SCAMS<\/strong><\/figcaption><\/figure>\n<\/div>\n<\/div>\n\n\n\n<div class=\"wp-block-columns is-layout-flex wp-container-core-columns-is-layout-28f84493 wp-block-columns-is-layout-flex\">\n<div class=\"wp-block-column is-layout-flow wp-block-column-is-layout-flow\">\n<figure class=\"wp-block-embed is-type-video is-provider-youtube wp-block-embed-youtube wp-embed-aspect-16-9 wp-has-aspect-ratio\"><div class=\"wp-block-embed__wrapper\">\n<iframe loading=\"lazy\" title=\"\u00a1Protege tu seguridad: #Skokka rechaza amenazas, fraudes y extorsiones!\" width=\"500\" height=\"281\" src=\"https:\/\/www.youtube.com\/embed\/3PZrmlQrmUI?feature=oembed\" frameborder=\"0\" allow=\"accelerometer; autoplay; clipboard-write; encrypted-media; gyroscope; picture-in-picture; web-share\" referrerpolicy=\"strict-origin-when-cross-origin\" allowfullscreen><\/iframe>\n<\/div><figcaption class=\"wp-element-caption\"><strong>EXTORSION<\/strong><\/figcaption><\/figure>\n<\/div>\n\n\n\n<div class=\"wp-block-column is-layout-flow wp-block-column-is-layout-flow\">\n<figure class=\"wp-block-embed is-type-video is-provider-youtube wp-block-embed-youtube wp-embed-aspect-16-9 wp-has-aspect-ratio\"><div class=\"wp-block-embed__wrapper\">\n<iframe loading=\"lazy\" title=\"Skokka Amenazas de Muerte - \u00a1Toda la verdad!\" width=\"500\" height=\"281\" src=\"https:\/\/www.youtube.com\/embed\/qRr5o3WFUgk?feature=oembed\" frameborder=\"0\" allow=\"accelerometer; autoplay; clipboard-write; encrypted-media; gyroscope; picture-in-picture; web-share\" referrerpolicy=\"strict-origin-when-cross-origin\" allowfullscreen><\/iframe>\n<\/div><figcaption class=\"wp-element-caption\"><strong>DEATH THREATS<\/strong><\/figcaption><\/figure>\n<\/div>\n<\/div>\n\n\n\n<div class=\"wp-block-columns is-layout-flex wp-container-core-columns-is-layout-28f84493 wp-block-columns-is-layout-flex\">\n<div class=\"wp-block-column is-layout-flow wp-block-column-is-layout-flow\">\n<figure class=\"wp-block-embed is-type-video is-provider-youtube wp-block-embed-youtube wp-embed-aspect-16-9 wp-has-aspect-ratio\"><div class=\"wp-block-embed__wrapper\">\n<iframe loading=\"lazy\" title=\"\u00a1El Derecho de Elecci\u00f3n Del Profesional del Sexo! [LIBERTAD PROFESIONAL]\" width=\"500\" height=\"281\" src=\"https:\/\/www.youtube.com\/embed\/DALZAhKX5CY?feature=oembed\" frameborder=\"0\" allow=\"accelerometer; autoplay; clipboard-write; encrypted-media; gyroscope; picture-in-picture; web-share\" referrerpolicy=\"strict-origin-when-cross-origin\" allowfullscreen><\/iframe>\n<\/div><figcaption class=\"wp-element-caption\"><strong>PROXENETISM<\/strong><\/figcaption><\/figure>\n<\/div>\n\n\n\n<div class=\"wp-block-column is-layout-flow wp-block-column-is-layout-flow\"><\/div>\n<\/div>\n<\/div>\n","protected":false},"excerpt":{"rendered":"<p>Bienvenido a nuestra p\u00e1gina de v\u00eddeos, donde encontrar\u00e1 recursos esenciales para reconocer y defenderse de estafas, amenazas, robos de identidad y extorsiones.\u00a0 Cada v\u00eddeo ofrece explicaciones detalladas y consejos pr\u00e1cticos para proteger su seguridad en l\u00ednea.&nbsp; \u00a1Inf\u00f3rmese, prevenga y act\u00fae con conciencia!<\/p>\n","protected":false},"author":1,"featured_media":0,"parent":0,"menu_order":0,"comment_status":"closed","ping_status":"closed","template":"","meta":{"_uag_custom_page_level_css":"","_themeisle_gutenberg_block_has_review":false,"footnotes":""},"class_list":["post-135","page","type-page","status-publish","hentry"],"uagb_featured_image_src":{"full":false,"thumbnail":false,"medium":false,"medium_large":false,"large":false,"1536x1536":false,"2048x2048":false},"uagb_author_info":{"display_name":"admin","author_link":"https:\/\/secure.skokka.com\/es\/author\/admin\/"},"uagb_comment_info":0,"uagb_excerpt":"Bienvenido a nuestra p\u00e1gina de v\u00eddeos, donde encontrar\u00e1 recursos esenciales para reconocer y defenderse de estafas, amenazas, robos de identidad y extorsiones.\u00a0 Cada v\u00eddeo ofrece explicaciones detalladas y consejos pr\u00e1cticos para proteger su seguridad en l\u00ednea.&nbsp; \u00a1Inf\u00f3rmese, prevenga y act\u00fae con conciencia!","_links":{"self":[{"href":"https:\/\/secure.skokka.com\/es\/wp-json\/wp\/v2\/pages\/135","targetHints":{"allow":["GET"]}}],"collection":[{"href":"https:\/\/secure.skokka.com\/es\/wp-json\/wp\/v2\/pages"}],"about":[{"href":"https:\/\/secure.skokka.com\/es\/wp-json\/wp\/v2\/types\/page"}],"author":[{"embeddable":true,"href":"https:\/\/secure.skokka.com\/es\/wp-json\/wp\/v2\/users\/1"}],"replies":[{"embeddable":true,"href":"https:\/\/secure.skokka.com\/es\/wp-json\/wp\/v2\/comments?post=135"}],"version-history":[{"count":4,"href":"https:\/\/secure.skokka.com\/es\/wp-json\/wp\/v2\/pages\/135\/revisions"}],"predecessor-version":[{"id":770,"href":"https:\/\/secure.skokka.com\/es\/wp-json\/wp\/v2\/pages\/135\/revisions\/770"}],"wp:attachment":[{"href":"https:\/\/secure.skokka.com\/es\/wp-json\/wp\/v2\/media?parent=135"}],"curies":[{"name":"wp","href":"https:\/\/api.w.org\/{rel}","templated":true}]}}